{"id":1014,"date":"2024-02-04T16:09:56","date_gmt":"2024-02-04T15:09:56","guid":{"rendered":"https:\/\/www.essentiel-cosmetique.fr\/?post_type=product&#038;p=1014"},"modified":"2025-12-31T17:31:14","modified_gmt":"2025-12-31T16:31:14","slug":"shampooing-regenerant","status":"publish","type":"product","link":"https:\/\/www.essentiel-cosmetique.fr\/index.php\/produit\/shampooing-regenerant\/","title":{"rendered":"Shampooing R\u00e9g\u00e9n\u00e9rant"},"content":{"rendered":"<h5 class=\"p1\"><b>INGREDIENT : <\/b>AQUA, COCAMIDOPROPYL BETAINE, COCOAMPHOACETATE, SODIUM COCOYL ISETHIONATE, SODIUM METHYL OLEOYL TAURATE, GLYCERIN, CETRIMONIUM CHLORIDE, CAPRYLHYDROXAMIC ACID, CAPRYLYL GLYCOL, XYLITYLGLUCOSIDE (AND) ANHYDROXYLITOL (AND) XYLITOL, FRAGRANCE, ALPHA-AMYLCINNAMALDEHYDE.<\/h5>\n","protected":false},"excerpt":{"rendered":"<p class=\"p1\"><b><i>Aloevera et l\u2019huile de carotte<br \/>\n<\/i><\/b><em><strong>Nettoie \/ Hydrate \/ D\u00e9m\u00eale \/ Gaine les cheveux<\/strong><\/em><\/p>\n<p class=\"p1\">Le <b><i>shampooing r\u00e9g\u00e9n\u00e9rant <\/i><\/b>enrichi \u00e0 l\u2019Aloevera et \u00e0 l\u2019huile de carotte nettoie les impuret\u00e9s et exc\u00e8s de s\u00e9bum, de plus il ravive l\u2019\u00e9clat, d\u00e9m\u00eale<span class=\"Apple-converted-space\">\u00a0 <\/span>et gaine vos cheveux en renfor\u00e7ant la fibre capillaire. Il laisse les cheveux brillants, doux et bien d\u00e9finis avec un parfum inoubliable.<\/p>\n<p><strong>CONSEIL D\u2019UTILISATION :<br \/>\n<\/strong>Appliquez le shampooing sur cheveux mouill\u00e9s, puis masser d\u00e9licatement de la racine jusqu\u2019aux pointes. Laissez agir quelques minutes puis rincez soigneusement.<br \/>\nRenouvelez l\u2019op\u00e9ration si n\u00e9cessaire.<\/p>\n","protected":false},"featured_media":1015,"template":"","meta":[],"product_brand":[],"product_cat":[18,96,78],"product_tag":[],"class_list":{"0":"post-1014","1":"product","2":"type-product","3":"status-publish","4":"has-post-thumbnail","6":"product_cat-gamme_capillaire","7":"product_cat-hydratation","8":"product_cat-tout","10":"first","11":"instock","12":"shipping-taxable","13":"purchasable","14":"product-type-simple"},"yoast_head":"<!-- This site is optimized with the Yoast SEO plugin v26.5 - https:\/\/yoast.com\/wordpress\/plugins\/seo\/ -->\n<title>Shampooing R\u00e9g\u00e9n\u00e9rant - Essentiel \/ THE MUST HAVE<\/title>\n<meta name=\"robots\" content=\"index, follow, max-snippet:-1, max-image-preview:large, max-video-preview:-1\" \/>\n<link rel=\"canonical\" href=\"https:\/\/www.essentiel-cosmetique.fr\/index.php\/produit\/shampooing-regenerant\/\" \/>\n<meta property=\"og:locale\" content=\"fr_FR\" \/>\n<meta property=\"og:type\" content=\"article\" \/>\n<meta property=\"og:title\" content=\"Shampooing R\u00e9g\u00e9n\u00e9rant - Essentiel \/ THE MUST HAVE\" \/>\n<meta property=\"og:description\" content=\"Aloevera et l\u2019huile de carotte Nettoie \/ Hydrate \/ D\u00e9m\u00eale \/ Gaine les cheveux Le shampooing r\u00e9g\u00e9n\u00e9rant enrichi \u00e0 l\u2019Aloevera et \u00e0 l\u2019huile de carotte nettoie les impuret\u00e9s et exc\u00e8s de s\u00e9bum, de plus il ravive l\u2019\u00e9clat, d\u00e9m\u00eale\u00a0 et gaine vos cheveux en renfor\u00e7ant la fibre capillaire. Il laisse les cheveux brillants, doux et bien d\u00e9finis avec un parfum inoubliable. CONSEIL D\u2019UTILISATION : Appliquez le shampooing sur cheveux mouill\u00e9s, puis masser d\u00e9licatement de la racine jusqu\u2019aux pointes. Laissez agir quelques minutes puis rincez soigneusement. Renouvelez l\u2019op\u00e9ration si n\u00e9cessaire.\" \/>\n<meta property=\"og:url\" content=\"https:\/\/www.essentiel-cosmetique.fr\/index.php\/produit\/shampooing-regenerant\/\" \/>\n<meta property=\"og:site_name\" content=\"Essentiel \/ THE MUST HAVE\" \/>\n<meta property=\"article:publisher\" content=\"https:\/\/www.facebook.com\/profile.php?id=100076694075208\" \/>\n<meta property=\"article:modified_time\" content=\"2025-12-31T16:31:14+00:00\" \/>\n<meta property=\"og:image\" content=\"http:\/\/www.essentiel-cosmetique.fr\/wp-content\/uploads\/2024\/02\/Shampooing-Essentiel-THE-MUST-HAVE.jpg\" \/>\n\t<meta property=\"og:image:width\" content=\"1000\" \/>\n\t<meta property=\"og:image:height\" content=\"1000\" \/>\n\t<meta property=\"og:image:type\" content=\"image\/jpeg\" \/>\n<meta name=\"twitter:card\" content=\"summary_large_image\" \/>\n<meta name=\"twitter:label1\" content=\"Dur\u00e9e de lecture estim\u00e9e\" \/>\n\t<meta name=\"twitter:data1\" content=\"1 minute\" \/>\n<script type=\"application\/ld+json\" class=\"yoast-schema-graph\">{\"@context\":\"https:\/\/schema.org\",\"@graph\":[{\"@type\":\"WebPage\",\"@id\":\"https:\/\/www.essentiel-cosmetique.fr\/index.php\/produit\/shampooing-regenerant\/\",\"url\":\"https:\/\/www.essentiel-cosmetique.fr\/index.php\/produit\/shampooing-regenerant\/\",\"name\":\"Shampooing R\u00e9g\u00e9n\u00e9rant - Essentiel \/ THE MUST HAVE\",\"isPartOf\":{\"@id\":\"https:\/\/www.essentiel-cosmetique.fr\/#website\"},\"primaryImageOfPage\":{\"@id\":\"https:\/\/www.essentiel-cosmetique.fr\/index.php\/produit\/shampooing-regenerant\/#primaryimage\"},\"image\":{\"@id\":\"https:\/\/www.essentiel-cosmetique.fr\/index.php\/produit\/shampooing-regenerant\/#primaryimage\"},\"thumbnailUrl\":\"https:\/\/www.essentiel-cosmetique.fr\/wp-content\/uploads\/2024\/02\/Shampooing-Essentiel-THE-MUST-HAVE.jpg\",\"datePublished\":\"2024-02-04T15:09:56+00:00\",\"dateModified\":\"2025-12-31T16:31:14+00:00\",\"breadcrumb\":{\"@id\":\"https:\/\/www.essentiel-cosmetique.fr\/index.php\/produit\/shampooing-regenerant\/#breadcrumb\"},\"inLanguage\":\"fr-FR\",\"potentialAction\":[{\"@type\":\"ReadAction\",\"target\":[\"https:\/\/www.essentiel-cosmetique.fr\/index.php\/produit\/shampooing-regenerant\/\"]}]},{\"@type\":\"ImageObject\",\"inLanguage\":\"fr-FR\",\"@id\":\"https:\/\/www.essentiel-cosmetique.fr\/index.php\/produit\/shampooing-regenerant\/#primaryimage\",\"url\":\"https:\/\/www.essentiel-cosmetique.fr\/wp-content\/uploads\/2024\/02\/Shampooing-Essentiel-THE-MUST-HAVE.jpg\",\"contentUrl\":\"https:\/\/www.essentiel-cosmetique.fr\/wp-content\/uploads\/2024\/02\/Shampooing-Essentiel-THE-MUST-HAVE.jpg\",\"width\":1000,\"height\":1000},{\"@type\":\"BreadcrumbList\",\"@id\":\"https:\/\/www.essentiel-cosmetique.fr\/index.php\/produit\/shampooing-regenerant\/#breadcrumb\",\"itemListElement\":[{\"@type\":\"ListItem\",\"position\":1,\"name\":\"Accueil\",\"item\":\"https:\/\/www.essentiel-cosmetique.fr\/\"},{\"@type\":\"ListItem\",\"position\":2,\"name\":\"NOS PRODUITS\",\"item\":\"https:\/\/www.essentiel-cosmetique.fr\/index.php\/boutique\/\"},{\"@type\":\"ListItem\",\"position\":3,\"name\":\"Shampooing R\u00e9g\u00e9n\u00e9rant\"}]},{\"@type\":\"WebSite\",\"@id\":\"https:\/\/www.essentiel-cosmetique.fr\/#website\",\"url\":\"https:\/\/www.essentiel-cosmetique.fr\/\",\"name\":\"Essentiel \/ THE MUST HAVE\",\"description\":\"L\u2019ESSENTIEL EST ENTRE VOS MAINS\",\"publisher\":{\"@id\":\"https:\/\/www.essentiel-cosmetique.fr\/#organization\"},\"potentialAction\":[{\"@type\":\"SearchAction\",\"target\":{\"@type\":\"EntryPoint\",\"urlTemplate\":\"https:\/\/www.essentiel-cosmetique.fr\/?s={search_term_string}\"},\"query-input\":{\"@type\":\"PropertyValueSpecification\",\"valueRequired\":true,\"valueName\":\"search_term_string\"}}],\"inLanguage\":\"fr-FR\"},{\"@type\":\"Organization\",\"@id\":\"https:\/\/www.essentiel-cosmetique.fr\/#organization\",\"name\":\"Essentiel \/ THE MUST HAVE\",\"url\":\"https:\/\/www.essentiel-cosmetique.fr\/\",\"logo\":{\"@type\":\"ImageObject\",\"inLanguage\":\"fr-FR\",\"@id\":\"https:\/\/www.essentiel-cosmetique.fr\/#\/schema\/logo\/image\/\",\"url\":\"https:\/\/www.essentiel-cosmetique.fr\/wp-content\/uploads\/2023\/02\/cropped-Logio-Site-essentiel-1.png\",\"contentUrl\":\"https:\/\/www.essentiel-cosmetique.fr\/wp-content\/uploads\/2023\/02\/cropped-Logio-Site-essentiel-1.png\",\"width\":1320,\"height\":460,\"caption\":\"Essentiel \/ THE MUST HAVE\"},\"image\":{\"@id\":\"https:\/\/www.essentiel-cosmetique.fr\/#\/schema\/logo\/image\/\"},\"sameAs\":[\"https:\/\/www.facebook.com\/profile.php?id=100076694075208\",\"https:\/\/www.instagram.com\/essentiel_officiel\/\"]}]}<\/script>\n<!-- \/ Yoast SEO plugin. -->","yoast_head_json":{"title":"Shampooing R\u00e9g\u00e9n\u00e9rant - Essentiel \/ THE MUST HAVE","robots":{"index":"index","follow":"follow","max-snippet":"max-snippet:-1","max-image-preview":"max-image-preview:large","max-video-preview":"max-video-preview:-1"},"canonical":"https:\/\/www.essentiel-cosmetique.fr\/index.php\/produit\/shampooing-regenerant\/","og_locale":"fr_FR","og_type":"article","og_title":"Shampooing R\u00e9g\u00e9n\u00e9rant - Essentiel \/ THE MUST HAVE","og_description":"Aloevera et l\u2019huile de carotte Nettoie \/ Hydrate \/ D\u00e9m\u00eale \/ Gaine les cheveux Le shampooing r\u00e9g\u00e9n\u00e9rant enrichi \u00e0 l\u2019Aloevera et \u00e0 l\u2019huile de carotte nettoie les impuret\u00e9s et exc\u00e8s de s\u00e9bum, de plus il ravive l\u2019\u00e9clat, d\u00e9m\u00eale\u00a0 et gaine vos cheveux en renfor\u00e7ant la fibre capillaire. Il laisse les cheveux brillants, doux et bien d\u00e9finis avec un parfum inoubliable. CONSEIL D\u2019UTILISATION : Appliquez le shampooing sur cheveux mouill\u00e9s, puis masser d\u00e9licatement de la racine jusqu\u2019aux pointes. Laissez agir quelques minutes puis rincez soigneusement. Renouvelez l\u2019op\u00e9ration si n\u00e9cessaire.","og_url":"https:\/\/www.essentiel-cosmetique.fr\/index.php\/produit\/shampooing-regenerant\/","og_site_name":"Essentiel \/ THE MUST HAVE","article_publisher":"https:\/\/www.facebook.com\/profile.php?id=100076694075208","article_modified_time":"2025-12-31T16:31:14+00:00","og_image":[{"width":1000,"height":1000,"url":"http:\/\/www.essentiel-cosmetique.fr\/wp-content\/uploads\/2024\/02\/Shampooing-Essentiel-THE-MUST-HAVE.jpg","type":"image\/jpeg"}],"twitter_card":"summary_large_image","twitter_misc":{"Dur\u00e9e de lecture estim\u00e9e":"1 minute"},"schema":{"@context":"https:\/\/schema.org","@graph":[{"@type":"WebPage","@id":"https:\/\/www.essentiel-cosmetique.fr\/index.php\/produit\/shampooing-regenerant\/","url":"https:\/\/www.essentiel-cosmetique.fr\/index.php\/produit\/shampooing-regenerant\/","name":"Shampooing R\u00e9g\u00e9n\u00e9rant - Essentiel \/ THE MUST HAVE","isPartOf":{"@id":"https:\/\/www.essentiel-cosmetique.fr\/#website"},"primaryImageOfPage":{"@id":"https:\/\/www.essentiel-cosmetique.fr\/index.php\/produit\/shampooing-regenerant\/#primaryimage"},"image":{"@id":"https:\/\/www.essentiel-cosmetique.fr\/index.php\/produit\/shampooing-regenerant\/#primaryimage"},"thumbnailUrl":"https:\/\/www.essentiel-cosmetique.fr\/wp-content\/uploads\/2024\/02\/Shampooing-Essentiel-THE-MUST-HAVE.jpg","datePublished":"2024-02-04T15:09:56+00:00","dateModified":"2025-12-31T16:31:14+00:00","breadcrumb":{"@id":"https:\/\/www.essentiel-cosmetique.fr\/index.php\/produit\/shampooing-regenerant\/#breadcrumb"},"inLanguage":"fr-FR","potentialAction":[{"@type":"ReadAction","target":["https:\/\/www.essentiel-cosmetique.fr\/index.php\/produit\/shampooing-regenerant\/"]}]},{"@type":"ImageObject","inLanguage":"fr-FR","@id":"https:\/\/www.essentiel-cosmetique.fr\/index.php\/produit\/shampooing-regenerant\/#primaryimage","url":"https:\/\/www.essentiel-cosmetique.fr\/wp-content\/uploads\/2024\/02\/Shampooing-Essentiel-THE-MUST-HAVE.jpg","contentUrl":"https:\/\/www.essentiel-cosmetique.fr\/wp-content\/uploads\/2024\/02\/Shampooing-Essentiel-THE-MUST-HAVE.jpg","width":1000,"height":1000},{"@type":"BreadcrumbList","@id":"https:\/\/www.essentiel-cosmetique.fr\/index.php\/produit\/shampooing-regenerant\/#breadcrumb","itemListElement":[{"@type":"ListItem","position":1,"name":"Accueil","item":"https:\/\/www.essentiel-cosmetique.fr\/"},{"@type":"ListItem","position":2,"name":"NOS PRODUITS","item":"https:\/\/www.essentiel-cosmetique.fr\/index.php\/boutique\/"},{"@type":"ListItem","position":3,"name":"Shampooing R\u00e9g\u00e9n\u00e9rant"}]},{"@type":"WebSite","@id":"https:\/\/www.essentiel-cosmetique.fr\/#website","url":"https:\/\/www.essentiel-cosmetique.fr\/","name":"Essentiel \/ THE MUST HAVE","description":"L\u2019ESSENTIEL EST ENTRE VOS MAINS","publisher":{"@id":"https:\/\/www.essentiel-cosmetique.fr\/#organization"},"potentialAction":[{"@type":"SearchAction","target":{"@type":"EntryPoint","urlTemplate":"https:\/\/www.essentiel-cosmetique.fr\/?s={search_term_string}"},"query-input":{"@type":"PropertyValueSpecification","valueRequired":true,"valueName":"search_term_string"}}],"inLanguage":"fr-FR"},{"@type":"Organization","@id":"https:\/\/www.essentiel-cosmetique.fr\/#organization","name":"Essentiel \/ THE MUST HAVE","url":"https:\/\/www.essentiel-cosmetique.fr\/","logo":{"@type":"ImageObject","inLanguage":"fr-FR","@id":"https:\/\/www.essentiel-cosmetique.fr\/#\/schema\/logo\/image\/","url":"https:\/\/www.essentiel-cosmetique.fr\/wp-content\/uploads\/2023\/02\/cropped-Logio-Site-essentiel-1.png","contentUrl":"https:\/\/www.essentiel-cosmetique.fr\/wp-content\/uploads\/2023\/02\/cropped-Logio-Site-essentiel-1.png","width":1320,"height":460,"caption":"Essentiel \/ THE MUST HAVE"},"image":{"@id":"https:\/\/www.essentiel-cosmetique.fr\/#\/schema\/logo\/image\/"},"sameAs":["https:\/\/www.facebook.com\/profile.php?id=100076694075208","https:\/\/www.instagram.com\/essentiel_officiel\/"]}]}},"jetpack_sharing_enabled":true,"_links":{"self":[{"href":"https:\/\/www.essentiel-cosmetique.fr\/index.php\/wp-json\/wp\/v2\/product\/1014","targetHints":{"allow":["GET"]}}],"collection":[{"href":"https:\/\/www.essentiel-cosmetique.fr\/index.php\/wp-json\/wp\/v2\/product"}],"about":[{"href":"https:\/\/www.essentiel-cosmetique.fr\/index.php\/wp-json\/wp\/v2\/types\/product"}],"version-history":[{"count":2,"href":"https:\/\/www.essentiel-cosmetique.fr\/index.php\/wp-json\/wp\/v2\/product\/1014\/revisions"}],"predecessor-version":[{"id":5040,"href":"https:\/\/www.essentiel-cosmetique.fr\/index.php\/wp-json\/wp\/v2\/product\/1014\/revisions\/5040"}],"wp:featuredmedia":[{"embeddable":true,"href":"https:\/\/www.essentiel-cosmetique.fr\/index.php\/wp-json\/wp\/v2\/media\/1015"}],"wp:attachment":[{"href":"https:\/\/www.essentiel-cosmetique.fr\/index.php\/wp-json\/wp\/v2\/media?parent=1014"}],"wp:term":[{"taxonomy":"product_brand","embeddable":true,"href":"https:\/\/www.essentiel-cosmetique.fr\/index.php\/wp-json\/wp\/v2\/product_brand?post=1014"},{"taxonomy":"product_cat","embeddable":true,"href":"https:\/\/www.essentiel-cosmetique.fr\/index.php\/wp-json\/wp\/v2\/product_cat?post=1014"},{"taxonomy":"product_tag","embeddable":true,"href":"https:\/\/www.essentiel-cosmetique.fr\/index.php\/wp-json\/wp\/v2\/product_tag?post=1014"}],"curies":[{"name":"wp","href":"https:\/\/api.w.org\/{rel}","templated":true}]}}