{"id":1018,"date":"2024-02-04T16:26:36","date_gmt":"2024-02-04T15:26:36","guid":{"rendered":"https:\/\/www.essentiel-cosmetique.fr\/?post_type=product&#038;p=1018"},"modified":"2025-12-31T14:43:20","modified_gmt":"2025-12-31T13:43:20","slug":"serum-de-finition","status":"publish","type":"product","link":"https:\/\/www.essentiel-cosmetique.fr\/index.php\/produit\/serum-de-finition\/","title":{"rendered":"S\u00e9rum de finition"},"content":{"rendered":"<h5 class=\"p1\"><b>INGREDIENT : <\/b>DIMETHICONE CYCLOMETHICONE, DIMETHICONE CROSSPOLYMER, CYCLOPENTASILOXANE, RICINUS\u00a0COMMUNIS\u00a0OIL,<span class=\"Apple-converted-space\">\u00a0 <\/span>GOSSYPIUM HERBACEUM SEED OIL, BUTYROSPERMUM PARKII BUTTER, MACADAMIA TERNIFOLIA SEED OIL, COCOS NUCIFERA FRUIT EXTRACT, CHAMOMILLA RECUTITA FLOWER EXTRACT, ALOE BARBADENSIS LEAF EXTRACT, CAMELLIA SINENSIS LEAF EXTRACT, CINNAMOMUM ZEYLANICUM BARK EXTRACT, ACORUS CALAMUS ROOT EXTRACT, COMMIPHORA MYRRHA RESIN EXTRACT, OLEA EUROPAEA FRUIT OIL, ARGANIA SPINOSA KERNEL OIL, FRAGRANCE, COUMARIN, D-LIMONENE, LINALOOL, ALPHA-ISO-METHYLIONONE.<\/h5>\n","protected":false},"excerpt":{"rendered":"<p class=\"p1\"><b><i>Protection thermique \/ <\/i><\/b><b><i>Brillance et R\u00e9paration de la fibre capillaire<\/i><\/b><\/p>\n<p class=\"p1\">Le <b><i>S\u00e9rum de finition Essentiel <\/i><\/b>procure une incroyable brillance \u00e0 vos cheveux.\u00a0De plus, il\u00a0renforce des racines vers les pointes et les r\u00e9pare de l\u2019int\u00e9rieur.<br \/>\nEn tant que protecteur thermique, il scelle la cuticule et bloque l\u2019humidit\u00e9 \u00e0 l\u2019int\u00e9rieur du cheveu.<br \/>\nEnrichi en acides amin\u00e9s, le\u00a0S\u00e9rum\u00a0renforce et r\u00e9pare imm\u00e9diatement les cheveux abim\u00e9s.\u00a0Sa formulation l\u00e9g\u00e8re p\u00e9n\u00e8tre facilement la cuticule pour r\u00e9tablir la sant\u00e9 des cheveux.<br \/>\nLe\u00a0<em><strong>S\u00e9rum de finition Essentiel<\/strong><\/em>\u00a0\u00e9limine l\u2019\u00e9lectricit\u00e9 statique et am\u00e9liore la maniabilit\u00e9 des cheveux tout en leur conf\u00e9rant une brillance et une finition parfaite.<br \/>\nId\u00e9al pour toutes les textures de cheveux et une utilisation quotidienne, il peut \u00eatre utilis\u00e9 sur cheveux secs ou mouill\u00e9s.<\/p>\n<p><strong>CONSEIL D\u2019UTILISATION :<br \/>\n<\/strong>Placer quelques petites gouttes du S\u00e9rum Essentiel dans la paume de la main et \u00e9mulsionner.<br \/>\nAppliquer sur les cheveux (humides ou secs) des pointes jusqu\u2019au cuir chevelu.<\/p>\n","protected":false},"featured_media":1019,"template":"","meta":[],"product_brand":[],"product_cat":[93,18,78],"product_tag":[],"class_list":{"0":"post-1018","1":"product","2":"type-product","3":"status-publish","4":"has-post-thumbnail","6":"product_cat-cheveux-frises","7":"product_cat-gamme_capillaire","8":"product_cat-tout","10":"first","11":"instock","12":"shipping-taxable","13":"purchasable","14":"product-type-simple"},"yoast_head":"<!-- This site is optimized with the Yoast SEO plugin v26.5 - https:\/\/yoast.com\/wordpress\/plugins\/seo\/ -->\n<title>S\u00e9rum de finition - Essentiel \/ THE MUST HAVE<\/title>\n<meta name=\"robots\" content=\"index, follow, max-snippet:-1, max-image-preview:large, max-video-preview:-1\" \/>\n<link rel=\"canonical\" href=\"https:\/\/www.essentiel-cosmetique.fr\/index.php\/produit\/serum-de-finition\/\" \/>\n<meta property=\"og:locale\" content=\"fr_FR\" \/>\n<meta property=\"og:type\" content=\"article\" \/>\n<meta property=\"og:title\" content=\"S\u00e9rum de finition - Essentiel \/ THE MUST HAVE\" \/>\n<meta property=\"og:description\" content=\"Protection thermique \/ Brillance et R\u00e9paration de la fibre capillaire Le S\u00e9rum de finition Essentiel procure une incroyable brillance \u00e0 vos cheveux.\u00a0De plus, il\u00a0renforce des racines vers les pointes et les r\u00e9pare de l\u2019int\u00e9rieur. En tant que protecteur thermique, il scelle la cuticule et bloque l\u2019humidit\u00e9 \u00e0 l\u2019int\u00e9rieur du cheveu. Enrichi en acides amin\u00e9s, le\u00a0S\u00e9rum\u00a0renforce et r\u00e9pare imm\u00e9diatement les cheveux abim\u00e9s.\u00a0Sa formulation l\u00e9g\u00e8re p\u00e9n\u00e8tre facilement la cuticule pour r\u00e9tablir la sant\u00e9 des cheveux. Le\u00a0S\u00e9rum de finition Essentiel\u00a0\u00e9limine l\u2019\u00e9lectricit\u00e9 statique et am\u00e9liore la maniabilit\u00e9 des cheveux tout en leur conf\u00e9rant une brillance et une finition parfaite. Id\u00e9al pour toutes les textures de cheveux et une utilisation quotidienne, il peut \u00eatre utilis\u00e9 sur cheveux secs ou mouill\u00e9s. CONSEIL D\u2019UTILISATION : Placer quelques petites gouttes du S\u00e9rum Essentiel dans la paume de la main et \u00e9mulsionner. Appliquer sur les cheveux (humides ou secs) des pointes jusqu\u2019au cuir chevelu.\" \/>\n<meta property=\"og:url\" content=\"https:\/\/www.essentiel-cosmetique.fr\/index.php\/produit\/serum-de-finition\/\" \/>\n<meta property=\"og:site_name\" content=\"Essentiel \/ THE MUST HAVE\" \/>\n<meta property=\"article:publisher\" content=\"https:\/\/www.facebook.com\/profile.php?id=100076694075208\" \/>\n<meta property=\"article:modified_time\" content=\"2025-12-31T13:43:20+00:00\" \/>\n<meta property=\"og:image\" content=\"http:\/\/www.essentiel-cosmetique.fr\/wp-content\/uploads\/2024\/02\/Serum-Essentiel-THE-MUST-HAVE.jpg\" \/>\n\t<meta property=\"og:image:width\" content=\"1000\" \/>\n\t<meta property=\"og:image:height\" content=\"1000\" \/>\n\t<meta property=\"og:image:type\" content=\"image\/jpeg\" \/>\n<meta name=\"twitter:card\" content=\"summary_large_image\" \/>\n<meta name=\"twitter:label1\" content=\"Dur\u00e9e de lecture estim\u00e9e\" \/>\n\t<meta name=\"twitter:data1\" content=\"1 minute\" \/>\n<script type=\"application\/ld+json\" class=\"yoast-schema-graph\">{\"@context\":\"https:\/\/schema.org\",\"@graph\":[{\"@type\":\"WebPage\",\"@id\":\"https:\/\/www.essentiel-cosmetique.fr\/index.php\/produit\/serum-de-finition\/\",\"url\":\"https:\/\/www.essentiel-cosmetique.fr\/index.php\/produit\/serum-de-finition\/\",\"name\":\"S\u00e9rum de finition - Essentiel \/ THE MUST HAVE\",\"isPartOf\":{\"@id\":\"https:\/\/www.essentiel-cosmetique.fr\/#website\"},\"primaryImageOfPage\":{\"@id\":\"https:\/\/www.essentiel-cosmetique.fr\/index.php\/produit\/serum-de-finition\/#primaryimage\"},\"image\":{\"@id\":\"https:\/\/www.essentiel-cosmetique.fr\/index.php\/produit\/serum-de-finition\/#primaryimage\"},\"thumbnailUrl\":\"https:\/\/www.essentiel-cosmetique.fr\/wp-content\/uploads\/2024\/02\/Serum-Essentiel-THE-MUST-HAVE.jpg\",\"datePublished\":\"2024-02-04T15:26:36+00:00\",\"dateModified\":\"2025-12-31T13:43:20+00:00\",\"breadcrumb\":{\"@id\":\"https:\/\/www.essentiel-cosmetique.fr\/index.php\/produit\/serum-de-finition\/#breadcrumb\"},\"inLanguage\":\"fr-FR\",\"potentialAction\":[{\"@type\":\"ReadAction\",\"target\":[\"https:\/\/www.essentiel-cosmetique.fr\/index.php\/produit\/serum-de-finition\/\"]}]},{\"@type\":\"ImageObject\",\"inLanguage\":\"fr-FR\",\"@id\":\"https:\/\/www.essentiel-cosmetique.fr\/index.php\/produit\/serum-de-finition\/#primaryimage\",\"url\":\"https:\/\/www.essentiel-cosmetique.fr\/wp-content\/uploads\/2024\/02\/Serum-Essentiel-THE-MUST-HAVE.jpg\",\"contentUrl\":\"https:\/\/www.essentiel-cosmetique.fr\/wp-content\/uploads\/2024\/02\/Serum-Essentiel-THE-MUST-HAVE.jpg\",\"width\":1000,\"height\":1000},{\"@type\":\"BreadcrumbList\",\"@id\":\"https:\/\/www.essentiel-cosmetique.fr\/index.php\/produit\/serum-de-finition\/#breadcrumb\",\"itemListElement\":[{\"@type\":\"ListItem\",\"position\":1,\"name\":\"Accueil\",\"item\":\"https:\/\/www.essentiel-cosmetique.fr\/\"},{\"@type\":\"ListItem\",\"position\":2,\"name\":\"NOS PRODUITS\",\"item\":\"https:\/\/www.essentiel-cosmetique.fr\/index.php\/boutique\/\"},{\"@type\":\"ListItem\",\"position\":3,\"name\":\"S\u00e9rum de finition\"}]},{\"@type\":\"WebSite\",\"@id\":\"https:\/\/www.essentiel-cosmetique.fr\/#website\",\"url\":\"https:\/\/www.essentiel-cosmetique.fr\/\",\"name\":\"Essentiel \/ THE MUST HAVE\",\"description\":\"L\u2019ESSENTIEL EST ENTRE VOS MAINS\",\"publisher\":{\"@id\":\"https:\/\/www.essentiel-cosmetique.fr\/#organization\"},\"potentialAction\":[{\"@type\":\"SearchAction\",\"target\":{\"@type\":\"EntryPoint\",\"urlTemplate\":\"https:\/\/www.essentiel-cosmetique.fr\/?s={search_term_string}\"},\"query-input\":{\"@type\":\"PropertyValueSpecification\",\"valueRequired\":true,\"valueName\":\"search_term_string\"}}],\"inLanguage\":\"fr-FR\"},{\"@type\":\"Organization\",\"@id\":\"https:\/\/www.essentiel-cosmetique.fr\/#organization\",\"name\":\"Essentiel \/ THE MUST HAVE\",\"url\":\"https:\/\/www.essentiel-cosmetique.fr\/\",\"logo\":{\"@type\":\"ImageObject\",\"inLanguage\":\"fr-FR\",\"@id\":\"https:\/\/www.essentiel-cosmetique.fr\/#\/schema\/logo\/image\/\",\"url\":\"https:\/\/www.essentiel-cosmetique.fr\/wp-content\/uploads\/2023\/02\/cropped-Logio-Site-essentiel-1.png\",\"contentUrl\":\"https:\/\/www.essentiel-cosmetique.fr\/wp-content\/uploads\/2023\/02\/cropped-Logio-Site-essentiel-1.png\",\"width\":1320,\"height\":460,\"caption\":\"Essentiel \/ THE MUST HAVE\"},\"image\":{\"@id\":\"https:\/\/www.essentiel-cosmetique.fr\/#\/schema\/logo\/image\/\"},\"sameAs\":[\"https:\/\/www.facebook.com\/profile.php?id=100076694075208\",\"https:\/\/www.instagram.com\/essentiel_officiel\/\"]}]}<\/script>\n<!-- \/ Yoast SEO plugin. -->","yoast_head_json":{"title":"S\u00e9rum de finition - Essentiel \/ THE MUST HAVE","robots":{"index":"index","follow":"follow","max-snippet":"max-snippet:-1","max-image-preview":"max-image-preview:large","max-video-preview":"max-video-preview:-1"},"canonical":"https:\/\/www.essentiel-cosmetique.fr\/index.php\/produit\/serum-de-finition\/","og_locale":"fr_FR","og_type":"article","og_title":"S\u00e9rum de finition - Essentiel \/ THE MUST HAVE","og_description":"Protection thermique \/ Brillance et R\u00e9paration de la fibre capillaire Le S\u00e9rum de finition Essentiel procure une incroyable brillance \u00e0 vos cheveux.\u00a0De plus, il\u00a0renforce des racines vers les pointes et les r\u00e9pare de l\u2019int\u00e9rieur. En tant que protecteur thermique, il scelle la cuticule et bloque l\u2019humidit\u00e9 \u00e0 l\u2019int\u00e9rieur du cheveu. Enrichi en acides amin\u00e9s, le\u00a0S\u00e9rum\u00a0renforce et r\u00e9pare imm\u00e9diatement les cheveux abim\u00e9s.\u00a0Sa formulation l\u00e9g\u00e8re p\u00e9n\u00e8tre facilement la cuticule pour r\u00e9tablir la sant\u00e9 des cheveux. Le\u00a0S\u00e9rum de finition Essentiel\u00a0\u00e9limine l\u2019\u00e9lectricit\u00e9 statique et am\u00e9liore la maniabilit\u00e9 des cheveux tout en leur conf\u00e9rant une brillance et une finition parfaite. Id\u00e9al pour toutes les textures de cheveux et une utilisation quotidienne, il peut \u00eatre utilis\u00e9 sur cheveux secs ou mouill\u00e9s. CONSEIL D\u2019UTILISATION : Placer quelques petites gouttes du S\u00e9rum Essentiel dans la paume de la main et \u00e9mulsionner. Appliquer sur les cheveux (humides ou secs) des pointes jusqu\u2019au cuir chevelu.","og_url":"https:\/\/www.essentiel-cosmetique.fr\/index.php\/produit\/serum-de-finition\/","og_site_name":"Essentiel \/ THE MUST HAVE","article_publisher":"https:\/\/www.facebook.com\/profile.php?id=100076694075208","article_modified_time":"2025-12-31T13:43:20+00:00","og_image":[{"width":1000,"height":1000,"url":"http:\/\/www.essentiel-cosmetique.fr\/wp-content\/uploads\/2024\/02\/Serum-Essentiel-THE-MUST-HAVE.jpg","type":"image\/jpeg"}],"twitter_card":"summary_large_image","twitter_misc":{"Dur\u00e9e de lecture estim\u00e9e":"1 minute"},"schema":{"@context":"https:\/\/schema.org","@graph":[{"@type":"WebPage","@id":"https:\/\/www.essentiel-cosmetique.fr\/index.php\/produit\/serum-de-finition\/","url":"https:\/\/www.essentiel-cosmetique.fr\/index.php\/produit\/serum-de-finition\/","name":"S\u00e9rum de finition - Essentiel \/ THE MUST HAVE","isPartOf":{"@id":"https:\/\/www.essentiel-cosmetique.fr\/#website"},"primaryImageOfPage":{"@id":"https:\/\/www.essentiel-cosmetique.fr\/index.php\/produit\/serum-de-finition\/#primaryimage"},"image":{"@id":"https:\/\/www.essentiel-cosmetique.fr\/index.php\/produit\/serum-de-finition\/#primaryimage"},"thumbnailUrl":"https:\/\/www.essentiel-cosmetique.fr\/wp-content\/uploads\/2024\/02\/Serum-Essentiel-THE-MUST-HAVE.jpg","datePublished":"2024-02-04T15:26:36+00:00","dateModified":"2025-12-31T13:43:20+00:00","breadcrumb":{"@id":"https:\/\/www.essentiel-cosmetique.fr\/index.php\/produit\/serum-de-finition\/#breadcrumb"},"inLanguage":"fr-FR","potentialAction":[{"@type":"ReadAction","target":["https:\/\/www.essentiel-cosmetique.fr\/index.php\/produit\/serum-de-finition\/"]}]},{"@type":"ImageObject","inLanguage":"fr-FR","@id":"https:\/\/www.essentiel-cosmetique.fr\/index.php\/produit\/serum-de-finition\/#primaryimage","url":"https:\/\/www.essentiel-cosmetique.fr\/wp-content\/uploads\/2024\/02\/Serum-Essentiel-THE-MUST-HAVE.jpg","contentUrl":"https:\/\/www.essentiel-cosmetique.fr\/wp-content\/uploads\/2024\/02\/Serum-Essentiel-THE-MUST-HAVE.jpg","width":1000,"height":1000},{"@type":"BreadcrumbList","@id":"https:\/\/www.essentiel-cosmetique.fr\/index.php\/produit\/serum-de-finition\/#breadcrumb","itemListElement":[{"@type":"ListItem","position":1,"name":"Accueil","item":"https:\/\/www.essentiel-cosmetique.fr\/"},{"@type":"ListItem","position":2,"name":"NOS PRODUITS","item":"https:\/\/www.essentiel-cosmetique.fr\/index.php\/boutique\/"},{"@type":"ListItem","position":3,"name":"S\u00e9rum de finition"}]},{"@type":"WebSite","@id":"https:\/\/www.essentiel-cosmetique.fr\/#website","url":"https:\/\/www.essentiel-cosmetique.fr\/","name":"Essentiel \/ THE MUST HAVE","description":"L\u2019ESSENTIEL EST ENTRE VOS MAINS","publisher":{"@id":"https:\/\/www.essentiel-cosmetique.fr\/#organization"},"potentialAction":[{"@type":"SearchAction","target":{"@type":"EntryPoint","urlTemplate":"https:\/\/www.essentiel-cosmetique.fr\/?s={search_term_string}"},"query-input":{"@type":"PropertyValueSpecification","valueRequired":true,"valueName":"search_term_string"}}],"inLanguage":"fr-FR"},{"@type":"Organization","@id":"https:\/\/www.essentiel-cosmetique.fr\/#organization","name":"Essentiel \/ THE MUST HAVE","url":"https:\/\/www.essentiel-cosmetique.fr\/","logo":{"@type":"ImageObject","inLanguage":"fr-FR","@id":"https:\/\/www.essentiel-cosmetique.fr\/#\/schema\/logo\/image\/","url":"https:\/\/www.essentiel-cosmetique.fr\/wp-content\/uploads\/2023\/02\/cropped-Logio-Site-essentiel-1.png","contentUrl":"https:\/\/www.essentiel-cosmetique.fr\/wp-content\/uploads\/2023\/02\/cropped-Logio-Site-essentiel-1.png","width":1320,"height":460,"caption":"Essentiel \/ THE MUST HAVE"},"image":{"@id":"https:\/\/www.essentiel-cosmetique.fr\/#\/schema\/logo\/image\/"},"sameAs":["https:\/\/www.facebook.com\/profile.php?id=100076694075208","https:\/\/www.instagram.com\/essentiel_officiel\/"]}]}},"jetpack_sharing_enabled":true,"_links":{"self":[{"href":"https:\/\/www.essentiel-cosmetique.fr\/index.php\/wp-json\/wp\/v2\/product\/1018","targetHints":{"allow":["GET"]}}],"collection":[{"href":"https:\/\/www.essentiel-cosmetique.fr\/index.php\/wp-json\/wp\/v2\/product"}],"about":[{"href":"https:\/\/www.essentiel-cosmetique.fr\/index.php\/wp-json\/wp\/v2\/types\/product"}],"version-history":[{"count":1,"href":"https:\/\/www.essentiel-cosmetique.fr\/index.php\/wp-json\/wp\/v2\/product\/1018\/revisions"}],"predecessor-version":[{"id":1255,"href":"https:\/\/www.essentiel-cosmetique.fr\/index.php\/wp-json\/wp\/v2\/product\/1018\/revisions\/1255"}],"wp:featuredmedia":[{"embeddable":true,"href":"https:\/\/www.essentiel-cosmetique.fr\/index.php\/wp-json\/wp\/v2\/media\/1019"}],"wp:attachment":[{"href":"https:\/\/www.essentiel-cosmetique.fr\/index.php\/wp-json\/wp\/v2\/media?parent=1018"}],"wp:term":[{"taxonomy":"product_brand","embeddable":true,"href":"https:\/\/www.essentiel-cosmetique.fr\/index.php\/wp-json\/wp\/v2\/product_brand?post=1018"},{"taxonomy":"product_cat","embeddable":true,"href":"https:\/\/www.essentiel-cosmetique.fr\/index.php\/wp-json\/wp\/v2\/product_cat?post=1018"},{"taxonomy":"product_tag","embeddable":true,"href":"https:\/\/www.essentiel-cosmetique.fr\/index.php\/wp-json\/wp\/v2\/product_tag?post=1018"}],"curies":[{"name":"wp","href":"https:\/\/api.w.org\/{rel}","templated":true}]}}