{"id":1021,"date":"2024-02-04T17:22:11","date_gmt":"2024-02-04T16:22:11","guid":{"rendered":"https:\/\/www.essentiel-cosmetique.fr\/?post_type=product&#038;p=1021"},"modified":"2025-12-31T14:57:53","modified_gmt":"2025-12-31T13:57:53","slug":"gelee-scuptant-boucles","status":"publish","type":"product","link":"https:\/\/www.essentiel-cosmetique.fr\/index.php\/produit\/gelee-scuptant-boucles\/","title":{"rendered":"Gel\u00e9e Scuptante Boucles"},"content":{"rendered":"<h5 class=\"p1\"><strong>INGREDIENT :\u00a0<\/strong>AQUA,HYDROXYPROPYL GUAR HYDROXYPROPYLTRIMONIUM CHLORIDE, XANTHAN GUM, XYLITYLGLUCOSIDE (AND) ANHYDROXYLITOL (AND) XYLITOL, ALOE BARBADENSIS POWDER EXTRACT,<span class=\"Apple-converted-space\">\u00a0\u00a0<\/span>FRAGRANCE, PHENOXYETHANOL (AND) CHLORPHENESIN (AND) CAPRYLYL GLYCOL, ALPHA-HEXYLCINNAMALDEHYDE, BENZYL SALICYLATE, DL-CITRONELLOL, D-LIMONENE, ALPHA-ISO-METHYLIONONE, GERANIOL, LINALOOL.<\/h5>\n","protected":false},"excerpt":{"rendered":"<p class=\"p1\"><b><i>Miel capillaire, Aloevera, Ortie acide hyaluronique<br \/>\n<\/i><\/b><strong>Sculpte les boucles, Hydrate et Brillance<\/strong><\/p>\n<p class=\"p1\">La\u00a0<b><i>Gel\u00e9e sculptante<span class=\"Apple-converted-space\">\u00a0\u00a0<\/span>Boucles Essentiel<\/i><\/b>\u00a0apporte hydratation et d\u00e9finition des boucles. Elle sculte et donne de la brillance aux cheveux.<br \/>\nEn duo avec la Mousse Coiffante Essentiel, c\u2019est un v\u00e9ritable miracle pour des boucles parfaites !<\/p>\n<p><strong>CONSEIL D\u2019UTILISATION :<br \/>\n<\/strong>Utiliser sur cheveux humides, r\u00e9partir une petite<span class=\"Apple-converted-space\">\u00a0\u00a0<\/span>quantit\u00e9, uniform\u00e9ment et d\u00e9finir les boucles avec les doigts. Coiffer comme d\u2019habitude.<br \/>\nOu sur cheveux secs pour reduire les frisottis et les m\u00e8ches rebelles.<\/p>\n","protected":false},"featured_media":1022,"template":"","meta":[],"product_brand":[],"product_cat":[91,18,78],"product_tag":[],"class_list":{"0":"post-1021","1":"product","2":"type-product","3":"status-publish","4":"has-post-thumbnail","6":"product_cat-definition-boucles","7":"product_cat-gamme_capillaire","8":"product_cat-tout","10":"first","11":"instock","12":"shipping-taxable","13":"purchasable","14":"product-type-simple"},"yoast_head":"<!-- This site is optimized with the Yoast SEO plugin v26.5 - https:\/\/yoast.com\/wordpress\/plugins\/seo\/ -->\n<title>Gel\u00e9e Scuptante Boucles - Essentiel \/ THE MUST HAVE<\/title>\n<meta name=\"description\" content=\"La\u00a0Gel\u00e9e sculptante\u00a0\u00a0Boucles Essentiel\u00a0apporte hydratation et d\u00e9finition des boucles. Elle sculte et donne de la brillance aux cheveux.\" \/>\n<meta name=\"robots\" content=\"index, follow, max-snippet:-1, max-image-preview:large, max-video-preview:-1\" \/>\n<link rel=\"canonical\" href=\"https:\/\/www.essentiel-cosmetique.fr\/index.php\/produit\/gelee-scuptant-boucles\/\" \/>\n<meta property=\"og:locale\" content=\"fr_FR\" \/>\n<meta property=\"og:type\" content=\"article\" \/>\n<meta property=\"og:title\" content=\"Gel\u00e9e Scuptante Boucles - Essentiel \/ THE MUST HAVE\" \/>\n<meta property=\"og:description\" content=\"La\u00a0Gel\u00e9e sculptante\u00a0\u00a0Boucles Essentiel\u00a0apporte hydratation et d\u00e9finition des boucles. Elle sculte et donne de la brillance aux cheveux.\" \/>\n<meta property=\"og:url\" content=\"https:\/\/www.essentiel-cosmetique.fr\/index.php\/produit\/gelee-scuptant-boucles\/\" \/>\n<meta property=\"og:site_name\" content=\"Essentiel \/ THE MUST HAVE\" \/>\n<meta property=\"article:publisher\" content=\"https:\/\/www.facebook.com\/profile.php?id=100076694075208\" \/>\n<meta property=\"article:modified_time\" content=\"2025-12-31T13:57:53+00:00\" \/>\n<meta property=\"og:image\" content=\"http:\/\/www.essentiel-cosmetique.fr\/wp-content\/uploads\/2024\/02\/Gele\u0301e-scuptant-boucles-Essentiel-THE-MUST-HAVE.jpg\" \/>\n\t<meta property=\"og:image:width\" content=\"1000\" \/>\n\t<meta property=\"og:image:height\" content=\"1000\" \/>\n\t<meta property=\"og:image:type\" content=\"image\/jpeg\" \/>\n<meta name=\"twitter:card\" content=\"summary_large_image\" \/>\n<meta name=\"twitter:label1\" content=\"Dur\u00e9e de lecture estim\u00e9e\" \/>\n\t<meta name=\"twitter:data1\" content=\"1 minute\" \/>\n<script type=\"application\/ld+json\" class=\"yoast-schema-graph\">{\"@context\":\"https:\/\/schema.org\",\"@graph\":[{\"@type\":\"WebPage\",\"@id\":\"https:\/\/www.essentiel-cosmetique.fr\/index.php\/produit\/gelee-scuptant-boucles\/\",\"url\":\"https:\/\/www.essentiel-cosmetique.fr\/index.php\/produit\/gelee-scuptant-boucles\/\",\"name\":\"Gel\u00e9e Scuptante Boucles - Essentiel \/ THE MUST HAVE\",\"isPartOf\":{\"@id\":\"https:\/\/www.essentiel-cosmetique.fr\/#website\"},\"primaryImageOfPage\":{\"@id\":\"https:\/\/www.essentiel-cosmetique.fr\/index.php\/produit\/gelee-scuptant-boucles\/#primaryimage\"},\"image\":{\"@id\":\"https:\/\/www.essentiel-cosmetique.fr\/index.php\/produit\/gelee-scuptant-boucles\/#primaryimage\"},\"thumbnailUrl\":\"https:\/\/www.essentiel-cosmetique.fr\/wp-content\/uploads\/2024\/02\/Gele\u0301e-scuptant-boucles-Essentiel-THE-MUST-HAVE.jpg\",\"datePublished\":\"2024-02-04T16:22:11+00:00\",\"dateModified\":\"2025-12-31T13:57:53+00:00\",\"description\":\"La\u00a0Gel\u00e9e sculptante\u00a0\u00a0Boucles Essentiel\u00a0apporte hydratation et d\u00e9finition des boucles. Elle sculte et donne de la brillance aux cheveux.\",\"breadcrumb\":{\"@id\":\"https:\/\/www.essentiel-cosmetique.fr\/index.php\/produit\/gelee-scuptant-boucles\/#breadcrumb\"},\"inLanguage\":\"fr-FR\",\"potentialAction\":[{\"@type\":\"ReadAction\",\"target\":[\"https:\/\/www.essentiel-cosmetique.fr\/index.php\/produit\/gelee-scuptant-boucles\/\"]}]},{\"@type\":\"ImageObject\",\"inLanguage\":\"fr-FR\",\"@id\":\"https:\/\/www.essentiel-cosmetique.fr\/index.php\/produit\/gelee-scuptant-boucles\/#primaryimage\",\"url\":\"https:\/\/www.essentiel-cosmetique.fr\/wp-content\/uploads\/2024\/02\/Gele\u0301e-scuptant-boucles-Essentiel-THE-MUST-HAVE.jpg\",\"contentUrl\":\"https:\/\/www.essentiel-cosmetique.fr\/wp-content\/uploads\/2024\/02\/Gele\u0301e-scuptant-boucles-Essentiel-THE-MUST-HAVE.jpg\",\"width\":1000,\"height\":1000},{\"@type\":\"BreadcrumbList\",\"@id\":\"https:\/\/www.essentiel-cosmetique.fr\/index.php\/produit\/gelee-scuptant-boucles\/#breadcrumb\",\"itemListElement\":[{\"@type\":\"ListItem\",\"position\":1,\"name\":\"Accueil\",\"item\":\"https:\/\/www.essentiel-cosmetique.fr\/\"},{\"@type\":\"ListItem\",\"position\":2,\"name\":\"NOS PRODUITS\",\"item\":\"https:\/\/www.essentiel-cosmetique.fr\/index.php\/boutique\/\"},{\"@type\":\"ListItem\",\"position\":3,\"name\":\"Gel\u00e9e Scuptante Boucles\"}]},{\"@type\":\"WebSite\",\"@id\":\"https:\/\/www.essentiel-cosmetique.fr\/#website\",\"url\":\"https:\/\/www.essentiel-cosmetique.fr\/\",\"name\":\"Essentiel \/ THE MUST HAVE\",\"description\":\"L\u2019ESSENTIEL EST ENTRE VOS MAINS\",\"publisher\":{\"@id\":\"https:\/\/www.essentiel-cosmetique.fr\/#organization\"},\"potentialAction\":[{\"@type\":\"SearchAction\",\"target\":{\"@type\":\"EntryPoint\",\"urlTemplate\":\"https:\/\/www.essentiel-cosmetique.fr\/?s={search_term_string}\"},\"query-input\":{\"@type\":\"PropertyValueSpecification\",\"valueRequired\":true,\"valueName\":\"search_term_string\"}}],\"inLanguage\":\"fr-FR\"},{\"@type\":\"Organization\",\"@id\":\"https:\/\/www.essentiel-cosmetique.fr\/#organization\",\"name\":\"Essentiel \/ THE MUST HAVE\",\"url\":\"https:\/\/www.essentiel-cosmetique.fr\/\",\"logo\":{\"@type\":\"ImageObject\",\"inLanguage\":\"fr-FR\",\"@id\":\"https:\/\/www.essentiel-cosmetique.fr\/#\/schema\/logo\/image\/\",\"url\":\"https:\/\/www.essentiel-cosmetique.fr\/wp-content\/uploads\/2023\/02\/cropped-Logio-Site-essentiel-1.png\",\"contentUrl\":\"https:\/\/www.essentiel-cosmetique.fr\/wp-content\/uploads\/2023\/02\/cropped-Logio-Site-essentiel-1.png\",\"width\":1320,\"height\":460,\"caption\":\"Essentiel \/ THE MUST HAVE\"},\"image\":{\"@id\":\"https:\/\/www.essentiel-cosmetique.fr\/#\/schema\/logo\/image\/\"},\"sameAs\":[\"https:\/\/www.facebook.com\/profile.php?id=100076694075208\",\"https:\/\/www.instagram.com\/essentiel_officiel\/\"]}]}<\/script>\n<!-- \/ Yoast SEO plugin. -->","yoast_head_json":{"title":"Gel\u00e9e Scuptante Boucles - Essentiel \/ THE MUST HAVE","description":"La\u00a0Gel\u00e9e sculptante\u00a0\u00a0Boucles Essentiel\u00a0apporte hydratation et d\u00e9finition des boucles. Elle sculte et donne de la brillance aux cheveux.","robots":{"index":"index","follow":"follow","max-snippet":"max-snippet:-1","max-image-preview":"max-image-preview:large","max-video-preview":"max-video-preview:-1"},"canonical":"https:\/\/www.essentiel-cosmetique.fr\/index.php\/produit\/gelee-scuptant-boucles\/","og_locale":"fr_FR","og_type":"article","og_title":"Gel\u00e9e Scuptante Boucles - Essentiel \/ THE MUST HAVE","og_description":"La\u00a0Gel\u00e9e sculptante\u00a0\u00a0Boucles Essentiel\u00a0apporte hydratation et d\u00e9finition des boucles. Elle sculte et donne de la brillance aux cheveux.","og_url":"https:\/\/www.essentiel-cosmetique.fr\/index.php\/produit\/gelee-scuptant-boucles\/","og_site_name":"Essentiel \/ THE MUST HAVE","article_publisher":"https:\/\/www.facebook.com\/profile.php?id=100076694075208","article_modified_time":"2025-12-31T13:57:53+00:00","og_image":[{"width":1000,"height":1000,"url":"http:\/\/www.essentiel-cosmetique.fr\/wp-content\/uploads\/2024\/02\/Gele\u0301e-scuptant-boucles-Essentiel-THE-MUST-HAVE.jpg","type":"image\/jpeg"}],"twitter_card":"summary_large_image","twitter_misc":{"Dur\u00e9e de lecture estim\u00e9e":"1 minute"},"schema":{"@context":"https:\/\/schema.org","@graph":[{"@type":"WebPage","@id":"https:\/\/www.essentiel-cosmetique.fr\/index.php\/produit\/gelee-scuptant-boucles\/","url":"https:\/\/www.essentiel-cosmetique.fr\/index.php\/produit\/gelee-scuptant-boucles\/","name":"Gel\u00e9e Scuptante Boucles - Essentiel \/ THE MUST HAVE","isPartOf":{"@id":"https:\/\/www.essentiel-cosmetique.fr\/#website"},"primaryImageOfPage":{"@id":"https:\/\/www.essentiel-cosmetique.fr\/index.php\/produit\/gelee-scuptant-boucles\/#primaryimage"},"image":{"@id":"https:\/\/www.essentiel-cosmetique.fr\/index.php\/produit\/gelee-scuptant-boucles\/#primaryimage"},"thumbnailUrl":"https:\/\/www.essentiel-cosmetique.fr\/wp-content\/uploads\/2024\/02\/Gele\u0301e-scuptant-boucles-Essentiel-THE-MUST-HAVE.jpg","datePublished":"2024-02-04T16:22:11+00:00","dateModified":"2025-12-31T13:57:53+00:00","description":"La\u00a0Gel\u00e9e sculptante\u00a0\u00a0Boucles Essentiel\u00a0apporte hydratation et d\u00e9finition des boucles. Elle sculte et donne de la brillance aux cheveux.","breadcrumb":{"@id":"https:\/\/www.essentiel-cosmetique.fr\/index.php\/produit\/gelee-scuptant-boucles\/#breadcrumb"},"inLanguage":"fr-FR","potentialAction":[{"@type":"ReadAction","target":["https:\/\/www.essentiel-cosmetique.fr\/index.php\/produit\/gelee-scuptant-boucles\/"]}]},{"@type":"ImageObject","inLanguage":"fr-FR","@id":"https:\/\/www.essentiel-cosmetique.fr\/index.php\/produit\/gelee-scuptant-boucles\/#primaryimage","url":"https:\/\/www.essentiel-cosmetique.fr\/wp-content\/uploads\/2024\/02\/Gele\u0301e-scuptant-boucles-Essentiel-THE-MUST-HAVE.jpg","contentUrl":"https:\/\/www.essentiel-cosmetique.fr\/wp-content\/uploads\/2024\/02\/Gele\u0301e-scuptant-boucles-Essentiel-THE-MUST-HAVE.jpg","width":1000,"height":1000},{"@type":"BreadcrumbList","@id":"https:\/\/www.essentiel-cosmetique.fr\/index.php\/produit\/gelee-scuptant-boucles\/#breadcrumb","itemListElement":[{"@type":"ListItem","position":1,"name":"Accueil","item":"https:\/\/www.essentiel-cosmetique.fr\/"},{"@type":"ListItem","position":2,"name":"NOS PRODUITS","item":"https:\/\/www.essentiel-cosmetique.fr\/index.php\/boutique\/"},{"@type":"ListItem","position":3,"name":"Gel\u00e9e Scuptante Boucles"}]},{"@type":"WebSite","@id":"https:\/\/www.essentiel-cosmetique.fr\/#website","url":"https:\/\/www.essentiel-cosmetique.fr\/","name":"Essentiel \/ THE MUST HAVE","description":"L\u2019ESSENTIEL EST ENTRE VOS MAINS","publisher":{"@id":"https:\/\/www.essentiel-cosmetique.fr\/#organization"},"potentialAction":[{"@type":"SearchAction","target":{"@type":"EntryPoint","urlTemplate":"https:\/\/www.essentiel-cosmetique.fr\/?s={search_term_string}"},"query-input":{"@type":"PropertyValueSpecification","valueRequired":true,"valueName":"search_term_string"}}],"inLanguage":"fr-FR"},{"@type":"Organization","@id":"https:\/\/www.essentiel-cosmetique.fr\/#organization","name":"Essentiel \/ THE MUST HAVE","url":"https:\/\/www.essentiel-cosmetique.fr\/","logo":{"@type":"ImageObject","inLanguage":"fr-FR","@id":"https:\/\/www.essentiel-cosmetique.fr\/#\/schema\/logo\/image\/","url":"https:\/\/www.essentiel-cosmetique.fr\/wp-content\/uploads\/2023\/02\/cropped-Logio-Site-essentiel-1.png","contentUrl":"https:\/\/www.essentiel-cosmetique.fr\/wp-content\/uploads\/2023\/02\/cropped-Logio-Site-essentiel-1.png","width":1320,"height":460,"caption":"Essentiel \/ THE MUST HAVE"},"image":{"@id":"https:\/\/www.essentiel-cosmetique.fr\/#\/schema\/logo\/image\/"},"sameAs":["https:\/\/www.facebook.com\/profile.php?id=100076694075208","https:\/\/www.instagram.com\/essentiel_officiel\/"]}]}},"jetpack_sharing_enabled":true,"_links":{"self":[{"href":"https:\/\/www.essentiel-cosmetique.fr\/index.php\/wp-json\/wp\/v2\/product\/1021","targetHints":{"allow":["GET"]}}],"collection":[{"href":"https:\/\/www.essentiel-cosmetique.fr\/index.php\/wp-json\/wp\/v2\/product"}],"about":[{"href":"https:\/\/www.essentiel-cosmetique.fr\/index.php\/wp-json\/wp\/v2\/types\/product"}],"version-history":[{"count":2,"href":"https:\/\/www.essentiel-cosmetique.fr\/index.php\/wp-json\/wp\/v2\/product\/1021\/revisions"}],"predecessor-version":[{"id":5009,"href":"https:\/\/www.essentiel-cosmetique.fr\/index.php\/wp-json\/wp\/v2\/product\/1021\/revisions\/5009"}],"wp:featuredmedia":[{"embeddable":true,"href":"https:\/\/www.essentiel-cosmetique.fr\/index.php\/wp-json\/wp\/v2\/media\/1022"}],"wp:attachment":[{"href":"https:\/\/www.essentiel-cosmetique.fr\/index.php\/wp-json\/wp\/v2\/media?parent=1021"}],"wp:term":[{"taxonomy":"product_brand","embeddable":true,"href":"https:\/\/www.essentiel-cosmetique.fr\/index.php\/wp-json\/wp\/v2\/product_brand?post=1021"},{"taxonomy":"product_cat","embeddable":true,"href":"https:\/\/www.essentiel-cosmetique.fr\/index.php\/wp-json\/wp\/v2\/product_cat?post=1021"},{"taxonomy":"product_tag","embeddable":true,"href":"https:\/\/www.essentiel-cosmetique.fr\/index.php\/wp-json\/wp\/v2\/product_tag?post=1021"}],"curies":[{"name":"wp","href":"https:\/\/api.w.org\/{rel}","templated":true}]}}