{"id":139,"date":"2021-10-10T18:57:50","date_gmt":"2021-10-10T16:57:50","guid":{"rendered":"http:\/\/www.essentiel-cosmetique.fr\/?post_type=product&#038;p=139"},"modified":"2025-12-31T14:59:07","modified_gmt":"2025-12-31T13:59:07","slug":"cire-capillaire-essentiel","status":"publish","type":"product","link":"https:\/\/www.essentiel-cosmetique.fr\/index.php\/produit\/cire-capillaire-essentiel\/","title":{"rendered":"Cire coiffante Essentiel"},"content":{"rendered":"<h5 class=\"p1\"><b>INGREDIENT : <\/b>Aqua, Ceteareth-25, PEG-40 Hydrogenated, Castor oil, Glycerin, Parfum, BHT, Benzyl Alcohol, PPG-2, Methyl Ether, 2-Bromo-2-Nitropropane-1, 3-Diol, Iodopropynyl Butylcarbamate, Linaool, Limonene, Geraniol.<\/h5>\n","protected":false},"excerpt":{"rendered":"<p class=\"p1\"><strong><i>Placage parfait, contr\u00f4le maximum, sans r\u00e9sidus blanc<\/i><\/strong><\/p>\n<p>Ma cire coiffante ESSENTIEL \u00abTHE MUST HAVE\u00bb.<br \/>\nElle cr\u00e9e des formes longue dur\u00e9e. Vos cheveux gagnent un aspect brillant et soign\u00e9s. Elle se nettoie facilement avec le brossage.<\/p>\n<p><strong>CONSEIL D\u2019UTILISATION :<\/strong><br \/>\nAppliquez sur cheveux secs ou humides \u00e0 l\u2019aide d\u2019une petite brosse, Disposez les cheveux d\u2019apr\u00e8s le mod\u00e8le, puis coiffez en donnant la forme souhait\u00e9e.<\/p>\n","protected":false},"featured_media":140,"template":"","meta":[],"product_brand":[],"product_cat":[95,18,92,78],"product_tag":[],"class_list":{"0":"post-139","1":"product","2":"type-product","3":"status-publish","4":"has-post-thumbnail","6":"product_cat-cire","7":"product_cat-gamme_capillaire","8":"product_cat-indispensables","9":"product_cat-tout","11":"first","12":"instock","13":"sale","14":"shipping-taxable","15":"purchasable","16":"product-type-simple"},"yoast_head":"<!-- This site is optimized with the Yoast SEO plugin v26.5 - https:\/\/yoast.com\/wordpress\/plugins\/seo\/ -->\n<title>Cire coiffante Essentiel - Essentiel \/ THE MUST HAVE<\/title>\n<meta name=\"description\" content=\"La cire coiffante ESSENTIEL cr\u00e9e des formes longue dur\u00e9e. Vos cheveux gagnent un aspect brillant et soign\u00e9s. Elle se nettoie facilement avec le brossage.\" \/>\n<meta name=\"robots\" content=\"index, follow, max-snippet:-1, max-image-preview:large, max-video-preview:-1\" \/>\n<link rel=\"canonical\" href=\"https:\/\/www.essentiel-cosmetique.fr\/index.php\/produit\/cire-capillaire-essentiel\/\" \/>\n<meta property=\"og:locale\" content=\"fr_FR\" \/>\n<meta property=\"og:type\" content=\"article\" \/>\n<meta property=\"og:title\" content=\"Cire coiffante Essentiel - Essentiel \/ THE MUST HAVE\" \/>\n<meta property=\"og:description\" content=\"La cire coiffante ESSENTIEL cr\u00e9e des formes longue dur\u00e9e. Vos cheveux gagnent un aspect brillant et soign\u00e9s. Elle se nettoie facilement avec le brossage.\" \/>\n<meta property=\"og:url\" content=\"https:\/\/www.essentiel-cosmetique.fr\/index.php\/produit\/cire-capillaire-essentiel\/\" \/>\n<meta property=\"og:site_name\" content=\"Essentiel \/ THE MUST HAVE\" \/>\n<meta property=\"article:publisher\" content=\"https:\/\/www.facebook.com\/profile.php?id=100076694075208\" \/>\n<meta property=\"article:modified_time\" content=\"2025-12-31T13:59:07+00:00\" \/>\n<meta property=\"og:image\" content=\"http:\/\/www.essentiel-cosmetique.fr\/wp-content\/uploads\/2021\/10\/Essentiel4.jpg\" \/>\n\t<meta property=\"og:image:width\" content=\"1000\" \/>\n\t<meta property=\"og:image:height\" content=\"1000\" \/>\n\t<meta property=\"og:image:type\" content=\"image\/jpeg\" \/>\n<meta name=\"twitter:card\" content=\"summary_large_image\" \/>\n<meta name=\"twitter:label1\" content=\"Dur\u00e9e de lecture estim\u00e9e\" \/>\n\t<meta name=\"twitter:data1\" content=\"1 minute\" \/>\n<script type=\"application\/ld+json\" class=\"yoast-schema-graph\">{\"@context\":\"https:\/\/schema.org\",\"@graph\":[{\"@type\":\"WebPage\",\"@id\":\"https:\/\/www.essentiel-cosmetique.fr\/index.php\/produit\/cire-capillaire-essentiel\/\",\"url\":\"https:\/\/www.essentiel-cosmetique.fr\/index.php\/produit\/cire-capillaire-essentiel\/\",\"name\":\"Cire coiffante Essentiel - Essentiel \/ THE MUST HAVE\",\"isPartOf\":{\"@id\":\"https:\/\/www.essentiel-cosmetique.fr\/#website\"},\"primaryImageOfPage\":{\"@id\":\"https:\/\/www.essentiel-cosmetique.fr\/index.php\/produit\/cire-capillaire-essentiel\/#primaryimage\"},\"image\":{\"@id\":\"https:\/\/www.essentiel-cosmetique.fr\/index.php\/produit\/cire-capillaire-essentiel\/#primaryimage\"},\"thumbnailUrl\":\"https:\/\/www.essentiel-cosmetique.fr\/wp-content\/uploads\/2021\/10\/Essentiel4.jpg\",\"datePublished\":\"2021-10-10T16:57:50+00:00\",\"dateModified\":\"2025-12-31T13:59:07+00:00\",\"description\":\"La cire coiffante ESSENTIEL cr\u00e9e des formes longue dur\u00e9e. Vos cheveux gagnent un aspect brillant et soign\u00e9s. Elle se nettoie facilement avec le brossage.\",\"breadcrumb\":{\"@id\":\"https:\/\/www.essentiel-cosmetique.fr\/index.php\/produit\/cire-capillaire-essentiel\/#breadcrumb\"},\"inLanguage\":\"fr-FR\",\"potentialAction\":[{\"@type\":\"ReadAction\",\"target\":[\"https:\/\/www.essentiel-cosmetique.fr\/index.php\/produit\/cire-capillaire-essentiel\/\"]}]},{\"@type\":\"ImageObject\",\"inLanguage\":\"fr-FR\",\"@id\":\"https:\/\/www.essentiel-cosmetique.fr\/index.php\/produit\/cire-capillaire-essentiel\/#primaryimage\",\"url\":\"https:\/\/www.essentiel-cosmetique.fr\/wp-content\/uploads\/2021\/10\/Essentiel4.jpg\",\"contentUrl\":\"https:\/\/www.essentiel-cosmetique.fr\/wp-content\/uploads\/2021\/10\/Essentiel4.jpg\",\"width\":1000,\"height\":1000,\"caption\":\"Cire Essentiel\"},{\"@type\":\"BreadcrumbList\",\"@id\":\"https:\/\/www.essentiel-cosmetique.fr\/index.php\/produit\/cire-capillaire-essentiel\/#breadcrumb\",\"itemListElement\":[{\"@type\":\"ListItem\",\"position\":1,\"name\":\"Accueil\",\"item\":\"https:\/\/www.essentiel-cosmetique.fr\/\"},{\"@type\":\"ListItem\",\"position\":2,\"name\":\"NOS PRODUITS\",\"item\":\"https:\/\/www.essentiel-cosmetique.fr\/index.php\/boutique\/\"},{\"@type\":\"ListItem\",\"position\":3,\"name\":\"Cire coiffante Essentiel\"}]},{\"@type\":\"WebSite\",\"@id\":\"https:\/\/www.essentiel-cosmetique.fr\/#website\",\"url\":\"https:\/\/www.essentiel-cosmetique.fr\/\",\"name\":\"Essentiel \/ THE MUST HAVE\",\"description\":\"L\u2019ESSENTIEL EST ENTRE VOS MAINS\",\"publisher\":{\"@id\":\"https:\/\/www.essentiel-cosmetique.fr\/#organization\"},\"potentialAction\":[{\"@type\":\"SearchAction\",\"target\":{\"@type\":\"EntryPoint\",\"urlTemplate\":\"https:\/\/www.essentiel-cosmetique.fr\/?s={search_term_string}\"},\"query-input\":{\"@type\":\"PropertyValueSpecification\",\"valueRequired\":true,\"valueName\":\"search_term_string\"}}],\"inLanguage\":\"fr-FR\"},{\"@type\":\"Organization\",\"@id\":\"https:\/\/www.essentiel-cosmetique.fr\/#organization\",\"name\":\"Essentiel \/ THE MUST HAVE\",\"url\":\"https:\/\/www.essentiel-cosmetique.fr\/\",\"logo\":{\"@type\":\"ImageObject\",\"inLanguage\":\"fr-FR\",\"@id\":\"https:\/\/www.essentiel-cosmetique.fr\/#\/schema\/logo\/image\/\",\"url\":\"https:\/\/www.essentiel-cosmetique.fr\/wp-content\/uploads\/2023\/02\/cropped-Logio-Site-essentiel-1.png\",\"contentUrl\":\"https:\/\/www.essentiel-cosmetique.fr\/wp-content\/uploads\/2023\/02\/cropped-Logio-Site-essentiel-1.png\",\"width\":1320,\"height\":460,\"caption\":\"Essentiel \/ THE MUST HAVE\"},\"image\":{\"@id\":\"https:\/\/www.essentiel-cosmetique.fr\/#\/schema\/logo\/image\/\"},\"sameAs\":[\"https:\/\/www.facebook.com\/profile.php?id=100076694075208\",\"https:\/\/www.instagram.com\/essentiel_officiel\/\"]}]}<\/script>\n<!-- \/ Yoast SEO plugin. -->","yoast_head_json":{"title":"Cire coiffante Essentiel - Essentiel \/ THE MUST HAVE","description":"La cire coiffante ESSENTIEL cr\u00e9e des formes longue dur\u00e9e. Vos cheveux gagnent un aspect brillant et soign\u00e9s. Elle se nettoie facilement avec le brossage.","robots":{"index":"index","follow":"follow","max-snippet":"max-snippet:-1","max-image-preview":"max-image-preview:large","max-video-preview":"max-video-preview:-1"},"canonical":"https:\/\/www.essentiel-cosmetique.fr\/index.php\/produit\/cire-capillaire-essentiel\/","og_locale":"fr_FR","og_type":"article","og_title":"Cire coiffante Essentiel - Essentiel \/ THE MUST HAVE","og_description":"La cire coiffante ESSENTIEL cr\u00e9e des formes longue dur\u00e9e. Vos cheveux gagnent un aspect brillant et soign\u00e9s. Elle se nettoie facilement avec le brossage.","og_url":"https:\/\/www.essentiel-cosmetique.fr\/index.php\/produit\/cire-capillaire-essentiel\/","og_site_name":"Essentiel \/ THE MUST HAVE","article_publisher":"https:\/\/www.facebook.com\/profile.php?id=100076694075208","article_modified_time":"2025-12-31T13:59:07+00:00","og_image":[{"width":1000,"height":1000,"url":"http:\/\/www.essentiel-cosmetique.fr\/wp-content\/uploads\/2021\/10\/Essentiel4.jpg","type":"image\/jpeg"}],"twitter_card":"summary_large_image","twitter_misc":{"Dur\u00e9e de lecture estim\u00e9e":"1 minute"},"schema":{"@context":"https:\/\/schema.org","@graph":[{"@type":"WebPage","@id":"https:\/\/www.essentiel-cosmetique.fr\/index.php\/produit\/cire-capillaire-essentiel\/","url":"https:\/\/www.essentiel-cosmetique.fr\/index.php\/produit\/cire-capillaire-essentiel\/","name":"Cire coiffante Essentiel - Essentiel \/ THE MUST HAVE","isPartOf":{"@id":"https:\/\/www.essentiel-cosmetique.fr\/#website"},"primaryImageOfPage":{"@id":"https:\/\/www.essentiel-cosmetique.fr\/index.php\/produit\/cire-capillaire-essentiel\/#primaryimage"},"image":{"@id":"https:\/\/www.essentiel-cosmetique.fr\/index.php\/produit\/cire-capillaire-essentiel\/#primaryimage"},"thumbnailUrl":"https:\/\/www.essentiel-cosmetique.fr\/wp-content\/uploads\/2021\/10\/Essentiel4.jpg","datePublished":"2021-10-10T16:57:50+00:00","dateModified":"2025-12-31T13:59:07+00:00","description":"La cire coiffante ESSENTIEL cr\u00e9e des formes longue dur\u00e9e. Vos cheveux gagnent un aspect brillant et soign\u00e9s. Elle se nettoie facilement avec le brossage.","breadcrumb":{"@id":"https:\/\/www.essentiel-cosmetique.fr\/index.php\/produit\/cire-capillaire-essentiel\/#breadcrumb"},"inLanguage":"fr-FR","potentialAction":[{"@type":"ReadAction","target":["https:\/\/www.essentiel-cosmetique.fr\/index.php\/produit\/cire-capillaire-essentiel\/"]}]},{"@type":"ImageObject","inLanguage":"fr-FR","@id":"https:\/\/www.essentiel-cosmetique.fr\/index.php\/produit\/cire-capillaire-essentiel\/#primaryimage","url":"https:\/\/www.essentiel-cosmetique.fr\/wp-content\/uploads\/2021\/10\/Essentiel4.jpg","contentUrl":"https:\/\/www.essentiel-cosmetique.fr\/wp-content\/uploads\/2021\/10\/Essentiel4.jpg","width":1000,"height":1000,"caption":"Cire Essentiel"},{"@type":"BreadcrumbList","@id":"https:\/\/www.essentiel-cosmetique.fr\/index.php\/produit\/cire-capillaire-essentiel\/#breadcrumb","itemListElement":[{"@type":"ListItem","position":1,"name":"Accueil","item":"https:\/\/www.essentiel-cosmetique.fr\/"},{"@type":"ListItem","position":2,"name":"NOS PRODUITS","item":"https:\/\/www.essentiel-cosmetique.fr\/index.php\/boutique\/"},{"@type":"ListItem","position":3,"name":"Cire coiffante Essentiel"}]},{"@type":"WebSite","@id":"https:\/\/www.essentiel-cosmetique.fr\/#website","url":"https:\/\/www.essentiel-cosmetique.fr\/","name":"Essentiel \/ THE MUST HAVE","description":"L\u2019ESSENTIEL EST ENTRE VOS MAINS","publisher":{"@id":"https:\/\/www.essentiel-cosmetique.fr\/#organization"},"potentialAction":[{"@type":"SearchAction","target":{"@type":"EntryPoint","urlTemplate":"https:\/\/www.essentiel-cosmetique.fr\/?s={search_term_string}"},"query-input":{"@type":"PropertyValueSpecification","valueRequired":true,"valueName":"search_term_string"}}],"inLanguage":"fr-FR"},{"@type":"Organization","@id":"https:\/\/www.essentiel-cosmetique.fr\/#organization","name":"Essentiel \/ THE MUST HAVE","url":"https:\/\/www.essentiel-cosmetique.fr\/","logo":{"@type":"ImageObject","inLanguage":"fr-FR","@id":"https:\/\/www.essentiel-cosmetique.fr\/#\/schema\/logo\/image\/","url":"https:\/\/www.essentiel-cosmetique.fr\/wp-content\/uploads\/2023\/02\/cropped-Logio-Site-essentiel-1.png","contentUrl":"https:\/\/www.essentiel-cosmetique.fr\/wp-content\/uploads\/2023\/02\/cropped-Logio-Site-essentiel-1.png","width":1320,"height":460,"caption":"Essentiel \/ THE MUST HAVE"},"image":{"@id":"https:\/\/www.essentiel-cosmetique.fr\/#\/schema\/logo\/image\/"},"sameAs":["https:\/\/www.facebook.com\/profile.php?id=100076694075208","https:\/\/www.instagram.com\/essentiel_officiel\/"]}]}},"jetpack_sharing_enabled":true,"_links":{"self":[{"href":"https:\/\/www.essentiel-cosmetique.fr\/index.php\/wp-json\/wp\/v2\/product\/139","targetHints":{"allow":["GET"]}}],"collection":[{"href":"https:\/\/www.essentiel-cosmetique.fr\/index.php\/wp-json\/wp\/v2\/product"}],"about":[{"href":"https:\/\/www.essentiel-cosmetique.fr\/index.php\/wp-json\/wp\/v2\/types\/product"}],"version-history":[{"count":3,"href":"https:\/\/www.essentiel-cosmetique.fr\/index.php\/wp-json\/wp\/v2\/product\/139\/revisions"}],"predecessor-version":[{"id":1286,"href":"https:\/\/www.essentiel-cosmetique.fr\/index.php\/wp-json\/wp\/v2\/product\/139\/revisions\/1286"}],"wp:featuredmedia":[{"embeddable":true,"href":"https:\/\/www.essentiel-cosmetique.fr\/index.php\/wp-json\/wp\/v2\/media\/140"}],"wp:attachment":[{"href":"https:\/\/www.essentiel-cosmetique.fr\/index.php\/wp-json\/wp\/v2\/media?parent=139"}],"wp:term":[{"taxonomy":"product_brand","embeddable":true,"href":"https:\/\/www.essentiel-cosmetique.fr\/index.php\/wp-json\/wp\/v2\/product_brand?post=139"},{"taxonomy":"product_cat","embeddable":true,"href":"https:\/\/www.essentiel-cosmetique.fr\/index.php\/wp-json\/wp\/v2\/product_cat?post=139"},{"taxonomy":"product_tag","embeddable":true,"href":"https:\/\/www.essentiel-cosmetique.fr\/index.php\/wp-json\/wp\/v2\/product_tag?post=139"}],"curies":[{"name":"wp","href":"https:\/\/api.w.org\/{rel}","templated":true}]}}