{"id":6149,"date":"2026-01-12T13:13:20","date_gmt":"2026-01-12T12:13:20","guid":{"rendered":"https:\/\/www.essentiel-cosmetique.fr\/?post_type=product&#038;p=6149"},"modified":"2026-01-12T17:18:16","modified_gmt":"2026-01-12T16:18:16","slug":"pack-coiffure","status":"publish","type":"product","link":"https:\/\/www.essentiel-cosmetique.fr\/index.php\/produit\/pack-coiffure\/","title":{"rendered":"Pack coiffure"},"content":{"rendered":"<p>Pack Coiffure complet pour des cheveux ma\u00eetris\u00e9s, brillants et en pleine sant\u00e9.<\/p>\n","protected":false},"excerpt":{"rendered":"<p>Ce pack contient :<\/p>\n<div class=\"flex flex-col text-sm pb-25\">\n<article class=\"text-token-text-primary w-full focus:outline-none [--shadow-height:45px] has-data-writing-block:pointer-events-none has-data-writing-block:-mt-(--shadow-height) has-data-writing-block:pt-(--shadow-height) [&amp;:has([data-writing-block])&gt;*]:pointer-events-auto scroll-mt-[calc(var(--header-height)+min(200px,max(70px,20svh)))]\" dir=\"auto\" tabindex=\"-1\" data-turn-id=\"request-6964d3f3-50ac-832c-b4fe-3b0ef7e8ce01-2\" data-testid=\"conversation-turn-16\" data-scroll-anchor=\"true\" data-turn=\"assistant\">\n<div class=\"text-base my-auto mx-auto pb-10 [--thread-content-margin:--spacing(4)] @w-sm\/main:[--thread-content-margin:--spacing(6)] @w-lg\/main:[--thread-content-margin:--spacing(16)] px-(--thread-content-margin)\">\n<div class=\"[--thread-content-max-width:40rem] @w-lg\/main:[--thread-content-max-width:48rem] mx-auto max-w-(--thread-content-max-width) flex-1 group\/turn-messages focus-visible:outline-hidden relative flex w-full min-w-0 flex-col agent-turn\" tabindex=\"-1\">\n<div class=\"flex max-w-full flex-col grow\">\n<div class=\"min-h-8 text-message relative flex w-full flex-col items-end gap-2 text-start break-words whitespace-normal [.text-message+&amp;]:mt-1\" dir=\"auto\" data-message-author-role=\"assistant\" data-message-id=\"057ced00-b12a-4486-80f0-a3c9b0b3edfb\" data-message-model-slug=\"gpt-5-mini\">\n<div class=\"flex w-full flex-col gap-1 empty:hidden first:pt-[1px]\">\n<div class=\"markdown prose dark:prose-invert w-full break-words light markdown-new-styling\">\n<ul>\n<li><strong>Mousse coiffante<\/strong> : fixation parfaite, contr\u00f4le des frisottis et brillance sans alourdir<\/li>\n<li><strong>S\u00e9rum de finition<\/strong> : prot\u00e8ge, r\u00e9pare la fibre capillaire et apporte une brillance intense<\/li>\n<li><strong>Cire coiffante<\/strong> : tenue longue dur\u00e9e, contr\u00f4le optimal et fini net sans r\u00e9sidus<\/li>\n<li><strong>Shampooing r\u00e9g\u00e9n\u00e9rant<\/strong> : nettoie en douceur, hydrate, d\u00e9m\u00eale et renforce la fibre capillaire<\/li>\n<\/ul>\n<\/div>\n<\/div>\n<\/div>\n<\/div>\n<div class=\"mt-3 w-full empty:hidden\">\n<div class=\"text-center\"><\/div>\n<\/div>\n<\/div>\n<\/div>\n<\/article>\n<\/div>\n<div class=\"pointer-events-none h-px w-px absolute bottom-0\" aria-hidden=\"true\" data-edge=\"true\"><\/div>\n","protected":false},"featured_media":6220,"template":"","meta":[],"product_brand":[],"product_cat":[18,107],"product_tag":[],"class_list":{"0":"post-6149","1":"product","2":"type-product","3":"status-publish","4":"has-post-thumbnail","6":"product_cat-gamme_capillaire","7":"product_cat-packs","9":"first","10":"instock","11":"shipping-taxable","12":"purchasable","13":"product-type-simple"},"yoast_head":"<!-- This site is optimized with the Yoast SEO plugin v26.5 - https:\/\/yoast.com\/wordpress\/plugins\/seo\/ -->\n<title>Pack coiffure - Essentiel \/ THE MUST HAVE<\/title>\n<meta name=\"robots\" content=\"index, follow, max-snippet:-1, max-image-preview:large, max-video-preview:-1\" \/>\n<link rel=\"canonical\" href=\"https:\/\/www.essentiel-cosmetique.fr\/index.php\/produit\/pack-coiffure\/\" \/>\n<meta property=\"og:locale\" content=\"fr_FR\" \/>\n<meta property=\"og:type\" content=\"article\" \/>\n<meta property=\"og:title\" content=\"Pack coiffure - Essentiel \/ THE MUST HAVE\" \/>\n<meta property=\"og:description\" content=\"Ce pack contient :          Mousse coiffante : fixation parfaite, contr\u00f4le des frisottis et brillance sans alourdir  S\u00e9rum de finition : prot\u00e8ge, r\u00e9pare la fibre capillaire et apporte une brillance intense  Cire coiffante : tenue longue dur\u00e9e, contr\u00f4le optimal et fini net sans r\u00e9sidus  Shampooing r\u00e9g\u00e9n\u00e9rant : nettoie en douceur, hydrate, d\u00e9m\u00eale et renforce la fibre capillaire\" \/>\n<meta property=\"og:url\" content=\"https:\/\/www.essentiel-cosmetique.fr\/index.php\/produit\/pack-coiffure\/\" \/>\n<meta property=\"og:site_name\" content=\"Essentiel \/ THE MUST HAVE\" \/>\n<meta property=\"article:publisher\" content=\"https:\/\/www.facebook.com\/profile.php?id=100076694075208\" \/>\n<meta property=\"article:modified_time\" content=\"2026-01-12T16:18:16+00:00\" \/>\n<meta property=\"og:image\" content=\"http:\/\/www.essentiel-cosmetique.fr\/wp-content\/uploads\/2026\/01\/4-pack-coiffure-cire-forte-cire-fixante-essentiel-cosmetique.jpg\" \/>\n\t<meta property=\"og:image:width\" content=\"1600\" \/>\n\t<meta property=\"og:image:height\" content=\"1600\" \/>\n\t<meta property=\"og:image:type\" content=\"image\/jpeg\" \/>\n<meta name=\"twitter:card\" content=\"summary_large_image\" \/>\n<meta name=\"twitter:label1\" content=\"Dur\u00e9e de lecture estim\u00e9e\" \/>\n\t<meta name=\"twitter:data1\" content=\"1 minute\" \/>\n<script type=\"application\/ld+json\" class=\"yoast-schema-graph\">{\"@context\":\"https:\/\/schema.org\",\"@graph\":[{\"@type\":\"WebPage\",\"@id\":\"https:\/\/www.essentiel-cosmetique.fr\/index.php\/produit\/pack-coiffure\/\",\"url\":\"https:\/\/www.essentiel-cosmetique.fr\/index.php\/produit\/pack-coiffure\/\",\"name\":\"Pack coiffure - Essentiel \/ THE MUST HAVE\",\"isPartOf\":{\"@id\":\"https:\/\/www.essentiel-cosmetique.fr\/#website\"},\"primaryImageOfPage\":{\"@id\":\"https:\/\/www.essentiel-cosmetique.fr\/index.php\/produit\/pack-coiffure\/#primaryimage\"},\"image\":{\"@id\":\"https:\/\/www.essentiel-cosmetique.fr\/index.php\/produit\/pack-coiffure\/#primaryimage\"},\"thumbnailUrl\":\"https:\/\/www.essentiel-cosmetique.fr\/wp-content\/uploads\/2026\/01\/4-pack-coiffure-cire-forte-cire-fixante-essentiel-cosmetique.jpg\",\"datePublished\":\"2026-01-12T12:13:20+00:00\",\"dateModified\":\"2026-01-12T16:18:16+00:00\",\"breadcrumb\":{\"@id\":\"https:\/\/www.essentiel-cosmetique.fr\/index.php\/produit\/pack-coiffure\/#breadcrumb\"},\"inLanguage\":\"fr-FR\",\"potentialAction\":[{\"@type\":\"ReadAction\",\"target\":[\"https:\/\/www.essentiel-cosmetique.fr\/index.php\/produit\/pack-coiffure\/\"]}]},{\"@type\":\"ImageObject\",\"inLanguage\":\"fr-FR\",\"@id\":\"https:\/\/www.essentiel-cosmetique.fr\/index.php\/produit\/pack-coiffure\/#primaryimage\",\"url\":\"https:\/\/www.essentiel-cosmetique.fr\/wp-content\/uploads\/2026\/01\/4-pack-coiffure-cire-forte-cire-fixante-essentiel-cosmetique.jpg\",\"contentUrl\":\"https:\/\/www.essentiel-cosmetique.fr\/wp-content\/uploads\/2026\/01\/4-pack-coiffure-cire-forte-cire-fixante-essentiel-cosmetique.jpg\",\"width\":1600,\"height\":1600},{\"@type\":\"BreadcrumbList\",\"@id\":\"https:\/\/www.essentiel-cosmetique.fr\/index.php\/produit\/pack-coiffure\/#breadcrumb\",\"itemListElement\":[{\"@type\":\"ListItem\",\"position\":1,\"name\":\"Accueil\",\"item\":\"https:\/\/www.essentiel-cosmetique.fr\/\"},{\"@type\":\"ListItem\",\"position\":2,\"name\":\"NOS PRODUITS\",\"item\":\"https:\/\/www.essentiel-cosmetique.fr\/index.php\/boutique\/\"},{\"@type\":\"ListItem\",\"position\":3,\"name\":\"Pack coiffure\"}]},{\"@type\":\"WebSite\",\"@id\":\"https:\/\/www.essentiel-cosmetique.fr\/#website\",\"url\":\"https:\/\/www.essentiel-cosmetique.fr\/\",\"name\":\"Essentiel \/ THE MUST HAVE\",\"description\":\"L\u2019ESSENTIEL EST ENTRE VOS MAINS\",\"publisher\":{\"@id\":\"https:\/\/www.essentiel-cosmetique.fr\/#organization\"},\"potentialAction\":[{\"@type\":\"SearchAction\",\"target\":{\"@type\":\"EntryPoint\",\"urlTemplate\":\"https:\/\/www.essentiel-cosmetique.fr\/?s={search_term_string}\"},\"query-input\":{\"@type\":\"PropertyValueSpecification\",\"valueRequired\":true,\"valueName\":\"search_term_string\"}}],\"inLanguage\":\"fr-FR\"},{\"@type\":\"Organization\",\"@id\":\"https:\/\/www.essentiel-cosmetique.fr\/#organization\",\"name\":\"Essentiel \/ THE MUST HAVE\",\"url\":\"https:\/\/www.essentiel-cosmetique.fr\/\",\"logo\":{\"@type\":\"ImageObject\",\"inLanguage\":\"fr-FR\",\"@id\":\"https:\/\/www.essentiel-cosmetique.fr\/#\/schema\/logo\/image\/\",\"url\":\"https:\/\/www.essentiel-cosmetique.fr\/wp-content\/uploads\/2023\/02\/cropped-Logio-Site-essentiel-1.png\",\"contentUrl\":\"https:\/\/www.essentiel-cosmetique.fr\/wp-content\/uploads\/2023\/02\/cropped-Logio-Site-essentiel-1.png\",\"width\":1320,\"height\":460,\"caption\":\"Essentiel \/ THE MUST HAVE\"},\"image\":{\"@id\":\"https:\/\/www.essentiel-cosmetique.fr\/#\/schema\/logo\/image\/\"},\"sameAs\":[\"https:\/\/www.facebook.com\/profile.php?id=100076694075208\",\"https:\/\/www.instagram.com\/essentiel_officiel\/\"]}]}<\/script>\n<!-- \/ Yoast SEO plugin. -->","yoast_head_json":{"title":"Pack coiffure - Essentiel \/ THE MUST HAVE","robots":{"index":"index","follow":"follow","max-snippet":"max-snippet:-1","max-image-preview":"max-image-preview:large","max-video-preview":"max-video-preview:-1"},"canonical":"https:\/\/www.essentiel-cosmetique.fr\/index.php\/produit\/pack-coiffure\/","og_locale":"fr_FR","og_type":"article","og_title":"Pack coiffure - Essentiel \/ THE MUST HAVE","og_description":"Ce pack contient :          Mousse coiffante : fixation parfaite, contr\u00f4le des frisottis et brillance sans alourdir  S\u00e9rum de finition : prot\u00e8ge, r\u00e9pare la fibre capillaire et apporte une brillance intense  Cire coiffante : tenue longue dur\u00e9e, contr\u00f4le optimal et fini net sans r\u00e9sidus  Shampooing r\u00e9g\u00e9n\u00e9rant : nettoie en douceur, hydrate, d\u00e9m\u00eale et renforce la fibre capillaire","og_url":"https:\/\/www.essentiel-cosmetique.fr\/index.php\/produit\/pack-coiffure\/","og_site_name":"Essentiel \/ THE MUST HAVE","article_publisher":"https:\/\/www.facebook.com\/profile.php?id=100076694075208","article_modified_time":"2026-01-12T16:18:16+00:00","og_image":[{"width":1600,"height":1600,"url":"http:\/\/www.essentiel-cosmetique.fr\/wp-content\/uploads\/2026\/01\/4-pack-coiffure-cire-forte-cire-fixante-essentiel-cosmetique.jpg","type":"image\/jpeg"}],"twitter_card":"summary_large_image","twitter_misc":{"Dur\u00e9e de lecture estim\u00e9e":"1 minute"},"schema":{"@context":"https:\/\/schema.org","@graph":[{"@type":"WebPage","@id":"https:\/\/www.essentiel-cosmetique.fr\/index.php\/produit\/pack-coiffure\/","url":"https:\/\/www.essentiel-cosmetique.fr\/index.php\/produit\/pack-coiffure\/","name":"Pack coiffure - Essentiel \/ THE MUST HAVE","isPartOf":{"@id":"https:\/\/www.essentiel-cosmetique.fr\/#website"},"primaryImageOfPage":{"@id":"https:\/\/www.essentiel-cosmetique.fr\/index.php\/produit\/pack-coiffure\/#primaryimage"},"image":{"@id":"https:\/\/www.essentiel-cosmetique.fr\/index.php\/produit\/pack-coiffure\/#primaryimage"},"thumbnailUrl":"https:\/\/www.essentiel-cosmetique.fr\/wp-content\/uploads\/2026\/01\/4-pack-coiffure-cire-forte-cire-fixante-essentiel-cosmetique.jpg","datePublished":"2026-01-12T12:13:20+00:00","dateModified":"2026-01-12T16:18:16+00:00","breadcrumb":{"@id":"https:\/\/www.essentiel-cosmetique.fr\/index.php\/produit\/pack-coiffure\/#breadcrumb"},"inLanguage":"fr-FR","potentialAction":[{"@type":"ReadAction","target":["https:\/\/www.essentiel-cosmetique.fr\/index.php\/produit\/pack-coiffure\/"]}]},{"@type":"ImageObject","inLanguage":"fr-FR","@id":"https:\/\/www.essentiel-cosmetique.fr\/index.php\/produit\/pack-coiffure\/#primaryimage","url":"https:\/\/www.essentiel-cosmetique.fr\/wp-content\/uploads\/2026\/01\/4-pack-coiffure-cire-forte-cire-fixante-essentiel-cosmetique.jpg","contentUrl":"https:\/\/www.essentiel-cosmetique.fr\/wp-content\/uploads\/2026\/01\/4-pack-coiffure-cire-forte-cire-fixante-essentiel-cosmetique.jpg","width":1600,"height":1600},{"@type":"BreadcrumbList","@id":"https:\/\/www.essentiel-cosmetique.fr\/index.php\/produit\/pack-coiffure\/#breadcrumb","itemListElement":[{"@type":"ListItem","position":1,"name":"Accueil","item":"https:\/\/www.essentiel-cosmetique.fr\/"},{"@type":"ListItem","position":2,"name":"NOS PRODUITS","item":"https:\/\/www.essentiel-cosmetique.fr\/index.php\/boutique\/"},{"@type":"ListItem","position":3,"name":"Pack coiffure"}]},{"@type":"WebSite","@id":"https:\/\/www.essentiel-cosmetique.fr\/#website","url":"https:\/\/www.essentiel-cosmetique.fr\/","name":"Essentiel \/ THE MUST HAVE","description":"L\u2019ESSENTIEL EST ENTRE VOS MAINS","publisher":{"@id":"https:\/\/www.essentiel-cosmetique.fr\/#organization"},"potentialAction":[{"@type":"SearchAction","target":{"@type":"EntryPoint","urlTemplate":"https:\/\/www.essentiel-cosmetique.fr\/?s={search_term_string}"},"query-input":{"@type":"PropertyValueSpecification","valueRequired":true,"valueName":"search_term_string"}}],"inLanguage":"fr-FR"},{"@type":"Organization","@id":"https:\/\/www.essentiel-cosmetique.fr\/#organization","name":"Essentiel \/ THE MUST HAVE","url":"https:\/\/www.essentiel-cosmetique.fr\/","logo":{"@type":"ImageObject","inLanguage":"fr-FR","@id":"https:\/\/www.essentiel-cosmetique.fr\/#\/schema\/logo\/image\/","url":"https:\/\/www.essentiel-cosmetique.fr\/wp-content\/uploads\/2023\/02\/cropped-Logio-Site-essentiel-1.png","contentUrl":"https:\/\/www.essentiel-cosmetique.fr\/wp-content\/uploads\/2023\/02\/cropped-Logio-Site-essentiel-1.png","width":1320,"height":460,"caption":"Essentiel \/ THE MUST HAVE"},"image":{"@id":"https:\/\/www.essentiel-cosmetique.fr\/#\/schema\/logo\/image\/"},"sameAs":["https:\/\/www.facebook.com\/profile.php?id=100076694075208","https:\/\/www.instagram.com\/essentiel_officiel\/"]}]}},"jetpack_sharing_enabled":true,"_links":{"self":[{"href":"https:\/\/www.essentiel-cosmetique.fr\/index.php\/wp-json\/wp\/v2\/product\/6149","targetHints":{"allow":["GET"]}}],"collection":[{"href":"https:\/\/www.essentiel-cosmetique.fr\/index.php\/wp-json\/wp\/v2\/product"}],"about":[{"href":"https:\/\/www.essentiel-cosmetique.fr\/index.php\/wp-json\/wp\/v2\/types\/product"}],"version-history":[{"count":4,"href":"https:\/\/www.essentiel-cosmetique.fr\/index.php\/wp-json\/wp\/v2\/product\/6149\/revisions"}],"predecessor-version":[{"id":6157,"href":"https:\/\/www.essentiel-cosmetique.fr\/index.php\/wp-json\/wp\/v2\/product\/6149\/revisions\/6157"}],"wp:featuredmedia":[{"embeddable":true,"href":"https:\/\/www.essentiel-cosmetique.fr\/index.php\/wp-json\/wp\/v2\/media\/6220"}],"wp:attachment":[{"href":"https:\/\/www.essentiel-cosmetique.fr\/index.php\/wp-json\/wp\/v2\/media?parent=6149"}],"wp:term":[{"taxonomy":"product_brand","embeddable":true,"href":"https:\/\/www.essentiel-cosmetique.fr\/index.php\/wp-json\/wp\/v2\/product_brand?post=6149"},{"taxonomy":"product_cat","embeddable":true,"href":"https:\/\/www.essentiel-cosmetique.fr\/index.php\/wp-json\/wp\/v2\/product_cat?post=6149"},{"taxonomy":"product_tag","embeddable":true,"href":"https:\/\/www.essentiel-cosmetique.fr\/index.php\/wp-json\/wp\/v2\/product_tag?post=6149"}],"curies":[{"name":"wp","href":"https:\/\/api.w.org\/{rel}","templated":true}]}}