{"id":6153,"date":"2026-01-12T13:30:05","date_gmt":"2026-01-12T12:30:05","guid":{"rendered":"https:\/\/www.essentiel-cosmetique.fr\/?post_type=product&#038;p=6153"},"modified":"2026-01-12T17:14:52","modified_gmt":"2026-01-12T16:14:52","slug":"pack-corps","status":"publish","type":"product","link":"https:\/\/www.essentiel-cosmetique.fr\/index.php\/produit\/pack-corps\/","title":{"rendered":"Pack corps"},"content":{"rendered":"<p data-start=\"0\" data-end=\"79\">Pack Corps complet pour une peau nourrie, sublim\u00e9e et d\u00e9licatement parfum\u00e9e.<\/p>\n","protected":false},"excerpt":{"rendered":"<p>Ce pack contient :<\/p>\n<ul>\n<li data-start=\"83\" data-end=\"197\"><strong data-start=\"83\" data-end=\"117\">Brume parfum\u00e9e cheveux &amp; corps<\/strong> : parfume d\u00e9licatement et apporte une sensation de fra\u00eecheur toute la journ\u00e9e<\/li>\n<li data-start=\"200\" data-end=\"315\"><strong data-start=\"200\" data-end=\"222\">Chantilly Sublim\u00e9e<\/strong> : nourrit, galbe la peau, att\u00e9nue vergetures et cellulite pour une peau douce et \u00e9clatante<\/li>\n<li data-start=\"318\" data-end=\"431\"><strong data-start=\"318\" data-end=\"340\">Gommage r\u00e9parateur<\/strong> : \u00e9limine impuret\u00e9s et cellules mortes, affine le grain de peau et am\u00e9liore l\u2019\u00e9lasticit\u00e9<\/li>\n<li data-start=\"434\" data-end=\"547\"><strong data-start=\"434\" data-end=\"468\">Cr\u00e8me hydratante mains &amp; pieds<\/strong> : nourrit, prot\u00e8ge et adoucit les mains et les pieds sans laisser de film gras<\/li>\n<\/ul>\n","protected":false},"featured_media":6215,"template":"","meta":[],"product_brand":[],"product_cat":[17,107,94],"product_tag":[],"class_list":{"0":"post-6153","1":"product","2":"type-product","3":"status-publish","4":"has-post-thumbnail","6":"product_cat-gamme_corps","7":"product_cat-packs","8":"product_cat-peau","10":"first","11":"instock","12":"shipping-taxable","13":"purchasable","14":"product-type-simple"},"yoast_head":"<!-- This site is optimized with the Yoast SEO plugin v26.5 - https:\/\/yoast.com\/wordpress\/plugins\/seo\/ -->\n<title>Pack corps - Essentiel \/ THE MUST HAVE<\/title>\n<meta name=\"robots\" content=\"index, follow, max-snippet:-1, max-image-preview:large, max-video-preview:-1\" \/>\n<link rel=\"canonical\" href=\"https:\/\/www.essentiel-cosmetique.fr\/index.php\/produit\/pack-corps\/\" \/>\n<meta property=\"og:locale\" content=\"fr_FR\" \/>\n<meta property=\"og:type\" content=\"article\" \/>\n<meta property=\"og:title\" content=\"Pack corps - Essentiel \/ THE MUST HAVE\" \/>\n<meta property=\"og:description\" content=\"Ce pack contient :   Brume parfum\u00e9e cheveux &amp; corps : parfume d\u00e9licatement et apporte une sensation de fra\u00eecheur toute la journ\u00e9e  Chantilly Sublim\u00e9e : nourrit, galbe la peau, att\u00e9nue vergetures et cellulite pour une peau douce et \u00e9clatante  Gommage r\u00e9parateur : \u00e9limine impuret\u00e9s et cellules mortes, affine le grain de peau et am\u00e9liore l\u2019\u00e9lasticit\u00e9  Cr\u00e8me hydratante mains &amp; pieds : nourrit, prot\u00e8ge et adoucit les mains et les pieds sans laisser de film gras\" \/>\n<meta property=\"og:url\" content=\"https:\/\/www.essentiel-cosmetique.fr\/index.php\/produit\/pack-corps\/\" \/>\n<meta property=\"og:site_name\" content=\"Essentiel \/ THE MUST HAVE\" \/>\n<meta property=\"article:publisher\" content=\"https:\/\/www.facebook.com\/profile.php?id=100076694075208\" \/>\n<meta property=\"article:modified_time\" content=\"2026-01-12T16:14:52+00:00\" \/>\n<meta property=\"og:image\" content=\"http:\/\/www.essentiel-cosmetique.fr\/wp-content\/uploads\/2026\/01\/7-pack-corps-kit-soin-de-la-peau.jpg\" \/>\n\t<meta property=\"og:image:width\" content=\"1600\" \/>\n\t<meta property=\"og:image:height\" content=\"1600\" \/>\n\t<meta property=\"og:image:type\" content=\"image\/jpeg\" \/>\n<meta name=\"twitter:card\" content=\"summary_large_image\" \/>\n<meta name=\"twitter:label1\" content=\"Dur\u00e9e de lecture estim\u00e9e\" \/>\n\t<meta name=\"twitter:data1\" content=\"1 minute\" \/>\n<script type=\"application\/ld+json\" class=\"yoast-schema-graph\">{\"@context\":\"https:\/\/schema.org\",\"@graph\":[{\"@type\":\"WebPage\",\"@id\":\"https:\/\/www.essentiel-cosmetique.fr\/index.php\/produit\/pack-corps\/\",\"url\":\"https:\/\/www.essentiel-cosmetique.fr\/index.php\/produit\/pack-corps\/\",\"name\":\"Pack corps - Essentiel \/ THE MUST HAVE\",\"isPartOf\":{\"@id\":\"https:\/\/www.essentiel-cosmetique.fr\/#website\"},\"primaryImageOfPage\":{\"@id\":\"https:\/\/www.essentiel-cosmetique.fr\/index.php\/produit\/pack-corps\/#primaryimage\"},\"image\":{\"@id\":\"https:\/\/www.essentiel-cosmetique.fr\/index.php\/produit\/pack-corps\/#primaryimage\"},\"thumbnailUrl\":\"https:\/\/www.essentiel-cosmetique.fr\/wp-content\/uploads\/2026\/01\/7-pack-corps-kit-soin-de-la-peau.jpg\",\"datePublished\":\"2026-01-12T12:30:05+00:00\",\"dateModified\":\"2026-01-12T16:14:52+00:00\",\"breadcrumb\":{\"@id\":\"https:\/\/www.essentiel-cosmetique.fr\/index.php\/produit\/pack-corps\/#breadcrumb\"},\"inLanguage\":\"fr-FR\",\"potentialAction\":[{\"@type\":\"ReadAction\",\"target\":[\"https:\/\/www.essentiel-cosmetique.fr\/index.php\/produit\/pack-corps\/\"]}]},{\"@type\":\"ImageObject\",\"inLanguage\":\"fr-FR\",\"@id\":\"https:\/\/www.essentiel-cosmetique.fr\/index.php\/produit\/pack-corps\/#primaryimage\",\"url\":\"https:\/\/www.essentiel-cosmetique.fr\/wp-content\/uploads\/2026\/01\/7-pack-corps-kit-soin-de-la-peau.jpg\",\"contentUrl\":\"https:\/\/www.essentiel-cosmetique.fr\/wp-content\/uploads\/2026\/01\/7-pack-corps-kit-soin-de-la-peau.jpg\",\"width\":1600,\"height\":1600},{\"@type\":\"BreadcrumbList\",\"@id\":\"https:\/\/www.essentiel-cosmetique.fr\/index.php\/produit\/pack-corps\/#breadcrumb\",\"itemListElement\":[{\"@type\":\"ListItem\",\"position\":1,\"name\":\"Accueil\",\"item\":\"https:\/\/www.essentiel-cosmetique.fr\/\"},{\"@type\":\"ListItem\",\"position\":2,\"name\":\"NOS PRODUITS\",\"item\":\"https:\/\/www.essentiel-cosmetique.fr\/index.php\/boutique\/\"},{\"@type\":\"ListItem\",\"position\":3,\"name\":\"Pack corps\"}]},{\"@type\":\"WebSite\",\"@id\":\"https:\/\/www.essentiel-cosmetique.fr\/#website\",\"url\":\"https:\/\/www.essentiel-cosmetique.fr\/\",\"name\":\"Essentiel \/ THE MUST HAVE\",\"description\":\"L\u2019ESSENTIEL EST ENTRE VOS MAINS\",\"publisher\":{\"@id\":\"https:\/\/www.essentiel-cosmetique.fr\/#organization\"},\"potentialAction\":[{\"@type\":\"SearchAction\",\"target\":{\"@type\":\"EntryPoint\",\"urlTemplate\":\"https:\/\/www.essentiel-cosmetique.fr\/?s={search_term_string}\"},\"query-input\":{\"@type\":\"PropertyValueSpecification\",\"valueRequired\":true,\"valueName\":\"search_term_string\"}}],\"inLanguage\":\"fr-FR\"},{\"@type\":\"Organization\",\"@id\":\"https:\/\/www.essentiel-cosmetique.fr\/#organization\",\"name\":\"Essentiel \/ THE MUST HAVE\",\"url\":\"https:\/\/www.essentiel-cosmetique.fr\/\",\"logo\":{\"@type\":\"ImageObject\",\"inLanguage\":\"fr-FR\",\"@id\":\"https:\/\/www.essentiel-cosmetique.fr\/#\/schema\/logo\/image\/\",\"url\":\"https:\/\/www.essentiel-cosmetique.fr\/wp-content\/uploads\/2023\/02\/cropped-Logio-Site-essentiel-1.png\",\"contentUrl\":\"https:\/\/www.essentiel-cosmetique.fr\/wp-content\/uploads\/2023\/02\/cropped-Logio-Site-essentiel-1.png\",\"width\":1320,\"height\":460,\"caption\":\"Essentiel \/ THE MUST HAVE\"},\"image\":{\"@id\":\"https:\/\/www.essentiel-cosmetique.fr\/#\/schema\/logo\/image\/\"},\"sameAs\":[\"https:\/\/www.facebook.com\/profile.php?id=100076694075208\",\"https:\/\/www.instagram.com\/essentiel_officiel\/\"]}]}<\/script>\n<!-- \/ Yoast SEO plugin. -->","yoast_head_json":{"title":"Pack corps - Essentiel \/ THE MUST HAVE","robots":{"index":"index","follow":"follow","max-snippet":"max-snippet:-1","max-image-preview":"max-image-preview:large","max-video-preview":"max-video-preview:-1"},"canonical":"https:\/\/www.essentiel-cosmetique.fr\/index.php\/produit\/pack-corps\/","og_locale":"fr_FR","og_type":"article","og_title":"Pack corps - Essentiel \/ THE MUST HAVE","og_description":"Ce pack contient :   Brume parfum\u00e9e cheveux &amp; corps : parfume d\u00e9licatement et apporte une sensation de fra\u00eecheur toute la journ\u00e9e  Chantilly Sublim\u00e9e : nourrit, galbe la peau, att\u00e9nue vergetures et cellulite pour une peau douce et \u00e9clatante  Gommage r\u00e9parateur : \u00e9limine impuret\u00e9s et cellules mortes, affine le grain de peau et am\u00e9liore l\u2019\u00e9lasticit\u00e9  Cr\u00e8me hydratante mains &amp; pieds : nourrit, prot\u00e8ge et adoucit les mains et les pieds sans laisser de film gras","og_url":"https:\/\/www.essentiel-cosmetique.fr\/index.php\/produit\/pack-corps\/","og_site_name":"Essentiel \/ THE MUST HAVE","article_publisher":"https:\/\/www.facebook.com\/profile.php?id=100076694075208","article_modified_time":"2026-01-12T16:14:52+00:00","og_image":[{"width":1600,"height":1600,"url":"http:\/\/www.essentiel-cosmetique.fr\/wp-content\/uploads\/2026\/01\/7-pack-corps-kit-soin-de-la-peau.jpg","type":"image\/jpeg"}],"twitter_card":"summary_large_image","twitter_misc":{"Dur\u00e9e de lecture estim\u00e9e":"1 minute"},"schema":{"@context":"https:\/\/schema.org","@graph":[{"@type":"WebPage","@id":"https:\/\/www.essentiel-cosmetique.fr\/index.php\/produit\/pack-corps\/","url":"https:\/\/www.essentiel-cosmetique.fr\/index.php\/produit\/pack-corps\/","name":"Pack corps - Essentiel \/ THE MUST HAVE","isPartOf":{"@id":"https:\/\/www.essentiel-cosmetique.fr\/#website"},"primaryImageOfPage":{"@id":"https:\/\/www.essentiel-cosmetique.fr\/index.php\/produit\/pack-corps\/#primaryimage"},"image":{"@id":"https:\/\/www.essentiel-cosmetique.fr\/index.php\/produit\/pack-corps\/#primaryimage"},"thumbnailUrl":"https:\/\/www.essentiel-cosmetique.fr\/wp-content\/uploads\/2026\/01\/7-pack-corps-kit-soin-de-la-peau.jpg","datePublished":"2026-01-12T12:30:05+00:00","dateModified":"2026-01-12T16:14:52+00:00","breadcrumb":{"@id":"https:\/\/www.essentiel-cosmetique.fr\/index.php\/produit\/pack-corps\/#breadcrumb"},"inLanguage":"fr-FR","potentialAction":[{"@type":"ReadAction","target":["https:\/\/www.essentiel-cosmetique.fr\/index.php\/produit\/pack-corps\/"]}]},{"@type":"ImageObject","inLanguage":"fr-FR","@id":"https:\/\/www.essentiel-cosmetique.fr\/index.php\/produit\/pack-corps\/#primaryimage","url":"https:\/\/www.essentiel-cosmetique.fr\/wp-content\/uploads\/2026\/01\/7-pack-corps-kit-soin-de-la-peau.jpg","contentUrl":"https:\/\/www.essentiel-cosmetique.fr\/wp-content\/uploads\/2026\/01\/7-pack-corps-kit-soin-de-la-peau.jpg","width":1600,"height":1600},{"@type":"BreadcrumbList","@id":"https:\/\/www.essentiel-cosmetique.fr\/index.php\/produit\/pack-corps\/#breadcrumb","itemListElement":[{"@type":"ListItem","position":1,"name":"Accueil","item":"https:\/\/www.essentiel-cosmetique.fr\/"},{"@type":"ListItem","position":2,"name":"NOS PRODUITS","item":"https:\/\/www.essentiel-cosmetique.fr\/index.php\/boutique\/"},{"@type":"ListItem","position":3,"name":"Pack corps"}]},{"@type":"WebSite","@id":"https:\/\/www.essentiel-cosmetique.fr\/#website","url":"https:\/\/www.essentiel-cosmetique.fr\/","name":"Essentiel \/ THE MUST HAVE","description":"L\u2019ESSENTIEL EST ENTRE VOS MAINS","publisher":{"@id":"https:\/\/www.essentiel-cosmetique.fr\/#organization"},"potentialAction":[{"@type":"SearchAction","target":{"@type":"EntryPoint","urlTemplate":"https:\/\/www.essentiel-cosmetique.fr\/?s={search_term_string}"},"query-input":{"@type":"PropertyValueSpecification","valueRequired":true,"valueName":"search_term_string"}}],"inLanguage":"fr-FR"},{"@type":"Organization","@id":"https:\/\/www.essentiel-cosmetique.fr\/#organization","name":"Essentiel \/ THE MUST HAVE","url":"https:\/\/www.essentiel-cosmetique.fr\/","logo":{"@type":"ImageObject","inLanguage":"fr-FR","@id":"https:\/\/www.essentiel-cosmetique.fr\/#\/schema\/logo\/image\/","url":"https:\/\/www.essentiel-cosmetique.fr\/wp-content\/uploads\/2023\/02\/cropped-Logio-Site-essentiel-1.png","contentUrl":"https:\/\/www.essentiel-cosmetique.fr\/wp-content\/uploads\/2023\/02\/cropped-Logio-Site-essentiel-1.png","width":1320,"height":460,"caption":"Essentiel \/ THE MUST HAVE"},"image":{"@id":"https:\/\/www.essentiel-cosmetique.fr\/#\/schema\/logo\/image\/"},"sameAs":["https:\/\/www.facebook.com\/profile.php?id=100076694075208","https:\/\/www.instagram.com\/essentiel_officiel\/"]}]}},"jetpack_sharing_enabled":true,"_links":{"self":[{"href":"https:\/\/www.essentiel-cosmetique.fr\/index.php\/wp-json\/wp\/v2\/product\/6153","targetHints":{"allow":["GET"]}}],"collection":[{"href":"https:\/\/www.essentiel-cosmetique.fr\/index.php\/wp-json\/wp\/v2\/product"}],"about":[{"href":"https:\/\/www.essentiel-cosmetique.fr\/index.php\/wp-json\/wp\/v2\/types\/product"}],"version-history":[{"count":1,"href":"https:\/\/www.essentiel-cosmetique.fr\/index.php\/wp-json\/wp\/v2\/product\/6153\/revisions"}],"predecessor-version":[{"id":6154,"href":"https:\/\/www.essentiel-cosmetique.fr\/index.php\/wp-json\/wp\/v2\/product\/6153\/revisions\/6154"}],"wp:featuredmedia":[{"embeddable":true,"href":"https:\/\/www.essentiel-cosmetique.fr\/index.php\/wp-json\/wp\/v2\/media\/6215"}],"wp:attachment":[{"href":"https:\/\/www.essentiel-cosmetique.fr\/index.php\/wp-json\/wp\/v2\/media?parent=6153"}],"wp:term":[{"taxonomy":"product_brand","embeddable":true,"href":"https:\/\/www.essentiel-cosmetique.fr\/index.php\/wp-json\/wp\/v2\/product_brand?post=6153"},{"taxonomy":"product_cat","embeddable":true,"href":"https:\/\/www.essentiel-cosmetique.fr\/index.php\/wp-json\/wp\/v2\/product_cat?post=6153"},{"taxonomy":"product_tag","embeddable":true,"href":"https:\/\/www.essentiel-cosmetique.fr\/index.php\/wp-json\/wp\/v2\/product_tag?post=6153"}],"curies":[{"name":"wp","href":"https:\/\/api.w.org\/{rel}","templated":true}]}}