{"id":6244,"date":"2026-03-02T18:14:20","date_gmt":"2026-03-02T17:14:20","guid":{"rendered":"https:\/\/www.essentiel-cosmetique.fr\/?post_type=product&#038;p=6244"},"modified":"2026-03-05T10:59:44","modified_gmt":"2026-03-05T09:59:44","slug":"gommage-reparateur","status":"publish","type":"product","link":"https:\/\/www.essentiel-cosmetique.fr\/index.php\/produit\/gommage-reparateur\/","title":{"rendered":"Gommage R\u00e9parateur"},"content":{"rendered":"<p><strong>INGREDIENTS :<\/strong> AQUA, CETEARYL ALCOHOL AND CETEARETH-33, OLUS OIL, SODIUM LAURETH SULFATE, GLYCERIN, PRUNUS ARMENIACA (APRICOT) SEED POWDER, CETEARETH-22, HYALURONIC ACID, GOSSYPIUM HERBACEUM SEED OIL, BUTYROSPERMUM PARKII BUTTER, MACADAMIA TERNIFOLIA SEED OIL, COCOS NUCIFERA FRUIT EXTRACT, CHAMOMILLA RECUTITA FLOWER EXTRACT, ALOE BARBADENSIS LEAF EXTRACT, CAMELLIA SINENSIS LEAF EXTRACT, CINNAMOMUM ZEYLANICUM BARK EXTRACT, ACORUS CALAMUS ROOT EXTRACT, COMMIPHORA MYRRHA RESIN EXTRACT, OLEA EUROPAEA OIL, ARGANIA SPINOSA KERNEL OIL, CYCLOPENTASILOXANE, FRAGRANCE, PHENOXYETHANOL (AND) CHLORPHENESIN (AND) CAPRYLYL GLYCOL.<\/p>\n","protected":false},"excerpt":{"rendered":"<p class=\"p1\"><strong><i>\u00c9limine les impuret\u00e9s, galbe et augmente l\u2019\u00e9lasticit\u00e9 de la peau<\/i><\/strong><\/p>\n<p class=\"p1\">Le gommage r\u00e9parateur ESSENTIEL, \u00e9limine les impuret\u00e9s et les cellules mortes de la surface de l\u2019\u00e9piderme. Elle favorise le renouvellement des cellules de l\u2019\u00e9piderme. Formul\u00e9 \u00e0 base d\u2019acide l\u2019hyaluronique, il galbe et augmente l\u2019\u00e9lasticit\u00e9 de la peau. R\u00e9sultat une peau plus lisse, \u00e9clatante et un grain de peau affin\u00e9.<\/p>\n<p><strong>CONSEIL D\u2019UTILISATION :<br \/>\n<\/strong><\/p>\n<p class=\"p1\">1. Sous la douche, pr\u00e9levez une grosse noisette du gommage r\u00e9parateur<br \/>\n2. Appliquez sur peau humide et massez doucement pour exfolier<br \/>\n3. Rincer abondamment<br \/>\nRenouveler l\u2019op\u00e9ration 2 fois par semaine.<\/p>\n<p class=\"p2\"><b><i>R\u00e9sultat :<\/i><\/b>\u00a0votre peau est plus lisse, \u00e9clatante et votre grain de peau affin\u00e9.<\/p>\n","protected":false},"featured_media":6250,"template":"","meta":[],"product_brand":[],"product_cat":[17,94],"product_tag":[],"class_list":{"0":"post-6244","1":"product","2":"type-product","3":"status-publish","4":"has-post-thumbnail","6":"product_cat-gamme_corps","7":"product_cat-peau","9":"first","10":"instock","11":"shipping-taxable","12":"purchasable","13":"product-type-simple"},"yoast_head":"<!-- This site is optimized with the Yoast SEO plugin v26.5 - https:\/\/yoast.com\/wordpress\/plugins\/seo\/ -->\n<title>Gommage R\u00e9parateur - Essentiel \/ THE MUST HAVE<\/title>\n<meta name=\"robots\" content=\"index, follow, max-snippet:-1, max-image-preview:large, max-video-preview:-1\" \/>\n<link rel=\"canonical\" href=\"https:\/\/www.essentiel-cosmetique.fr\/index.php\/produit\/gommage-reparateur\/\" \/>\n<meta property=\"og:locale\" content=\"fr_FR\" \/>\n<meta property=\"og:type\" content=\"article\" \/>\n<meta property=\"og:title\" content=\"Gommage R\u00e9parateur - Essentiel \/ THE MUST HAVE\" \/>\n<meta property=\"og:description\" content=\"\u00c9limine les impuret\u00e9s, galbe et augmente l\u2019\u00e9lasticit\u00e9 de la peau Le gommage r\u00e9parateur ESSENTIEL, \u00e9limine les impuret\u00e9s et les cellules mortes de la surface de l\u2019\u00e9piderme. Elle favorise le renouvellement des cellules de l\u2019\u00e9piderme. Formul\u00e9 \u00e0 base d\u2019acide l\u2019hyaluronique, il galbe et augmente l\u2019\u00e9lasticit\u00e9 de la peau. R\u00e9sultat une peau plus lisse, \u00e9clatante et un grain de peau affin\u00e9. CONSEIL D\u2019UTILISATION :  1. Sous la douche, pr\u00e9levez une grosse noisette du gommage r\u00e9parateur 2. Appliquez sur peau humide et massez doucement pour exfolier 3. Rincer abondamment Renouveler l\u2019op\u00e9ration 2 fois par semaine. R\u00e9sultat :\u00a0votre peau est plus lisse, \u00e9clatante et votre grain de peau affin\u00e9.\" \/>\n<meta property=\"og:url\" content=\"https:\/\/www.essentiel-cosmetique.fr\/index.php\/produit\/gommage-reparateur\/\" \/>\n<meta property=\"og:site_name\" content=\"Essentiel \/ THE MUST HAVE\" \/>\n<meta property=\"article:publisher\" content=\"https:\/\/www.facebook.com\/profile.php?id=100076694075208\" \/>\n<meta property=\"article:modified_time\" content=\"2026-03-05T09:59:44+00:00\" \/>\n<meta property=\"og:image\" content=\"http:\/\/www.essentiel-cosmetique.fr\/wp-content\/uploads\/2026\/03\/Gommage-reparateur-essentiel-1.jpg\" \/>\n\t<meta property=\"og:image:width\" content=\"1600\" \/>\n\t<meta property=\"og:image:height\" content=\"1600\" \/>\n\t<meta property=\"og:image:type\" content=\"image\/jpeg\" \/>\n<meta name=\"twitter:card\" content=\"summary_large_image\" \/>\n<meta name=\"twitter:label1\" content=\"Dur\u00e9e de lecture estim\u00e9e\" \/>\n\t<meta name=\"twitter:data1\" content=\"1 minute\" \/>\n<script type=\"application\/ld+json\" class=\"yoast-schema-graph\">{\"@context\":\"https:\/\/schema.org\",\"@graph\":[{\"@type\":\"WebPage\",\"@id\":\"https:\/\/www.essentiel-cosmetique.fr\/index.php\/produit\/gommage-reparateur\/\",\"url\":\"https:\/\/www.essentiel-cosmetique.fr\/index.php\/produit\/gommage-reparateur\/\",\"name\":\"Gommage R\u00e9parateur - Essentiel \/ THE MUST HAVE\",\"isPartOf\":{\"@id\":\"https:\/\/www.essentiel-cosmetique.fr\/#website\"},\"primaryImageOfPage\":{\"@id\":\"https:\/\/www.essentiel-cosmetique.fr\/index.php\/produit\/gommage-reparateur\/#primaryimage\"},\"image\":{\"@id\":\"https:\/\/www.essentiel-cosmetique.fr\/index.php\/produit\/gommage-reparateur\/#primaryimage\"},\"thumbnailUrl\":\"https:\/\/www.essentiel-cosmetique.fr\/wp-content\/uploads\/2026\/03\/Gommage-reparateur-essentiel-1.jpg\",\"datePublished\":\"2026-03-02T17:14:20+00:00\",\"dateModified\":\"2026-03-05T09:59:44+00:00\",\"breadcrumb\":{\"@id\":\"https:\/\/www.essentiel-cosmetique.fr\/index.php\/produit\/gommage-reparateur\/#breadcrumb\"},\"inLanguage\":\"fr-FR\",\"potentialAction\":[{\"@type\":\"ReadAction\",\"target\":[\"https:\/\/www.essentiel-cosmetique.fr\/index.php\/produit\/gommage-reparateur\/\"]}]},{\"@type\":\"ImageObject\",\"inLanguage\":\"fr-FR\",\"@id\":\"https:\/\/www.essentiel-cosmetique.fr\/index.php\/produit\/gommage-reparateur\/#primaryimage\",\"url\":\"https:\/\/www.essentiel-cosmetique.fr\/wp-content\/uploads\/2026\/03\/Gommage-reparateur-essentiel-1.jpg\",\"contentUrl\":\"https:\/\/www.essentiel-cosmetique.fr\/wp-content\/uploads\/2026\/03\/Gommage-reparateur-essentiel-1.jpg\",\"width\":1600,\"height\":1600},{\"@type\":\"BreadcrumbList\",\"@id\":\"https:\/\/www.essentiel-cosmetique.fr\/index.php\/produit\/gommage-reparateur\/#breadcrumb\",\"itemListElement\":[{\"@type\":\"ListItem\",\"position\":1,\"name\":\"Accueil\",\"item\":\"https:\/\/www.essentiel-cosmetique.fr\/\"},{\"@type\":\"ListItem\",\"position\":2,\"name\":\"NOS PRODUITS\",\"item\":\"https:\/\/www.essentiel-cosmetique.fr\/index.php\/boutique\/\"},{\"@type\":\"ListItem\",\"position\":3,\"name\":\"Gommage R\u00e9parateur\"}]},{\"@type\":\"WebSite\",\"@id\":\"https:\/\/www.essentiel-cosmetique.fr\/#website\",\"url\":\"https:\/\/www.essentiel-cosmetique.fr\/\",\"name\":\"Essentiel \/ THE MUST HAVE\",\"description\":\"L\u2019ESSENTIEL EST ENTRE VOS MAINS\",\"publisher\":{\"@id\":\"https:\/\/www.essentiel-cosmetique.fr\/#organization\"},\"potentialAction\":[{\"@type\":\"SearchAction\",\"target\":{\"@type\":\"EntryPoint\",\"urlTemplate\":\"https:\/\/www.essentiel-cosmetique.fr\/?s={search_term_string}\"},\"query-input\":{\"@type\":\"PropertyValueSpecification\",\"valueRequired\":true,\"valueName\":\"search_term_string\"}}],\"inLanguage\":\"fr-FR\"},{\"@type\":\"Organization\",\"@id\":\"https:\/\/www.essentiel-cosmetique.fr\/#organization\",\"name\":\"Essentiel \/ THE MUST HAVE\",\"url\":\"https:\/\/www.essentiel-cosmetique.fr\/\",\"logo\":{\"@type\":\"ImageObject\",\"inLanguage\":\"fr-FR\",\"@id\":\"https:\/\/www.essentiel-cosmetique.fr\/#\/schema\/logo\/image\/\",\"url\":\"https:\/\/www.essentiel-cosmetique.fr\/wp-content\/uploads\/2023\/02\/cropped-Logio-Site-essentiel-1.png\",\"contentUrl\":\"https:\/\/www.essentiel-cosmetique.fr\/wp-content\/uploads\/2023\/02\/cropped-Logio-Site-essentiel-1.png\",\"width\":1320,\"height\":460,\"caption\":\"Essentiel \/ THE MUST HAVE\"},\"image\":{\"@id\":\"https:\/\/www.essentiel-cosmetique.fr\/#\/schema\/logo\/image\/\"},\"sameAs\":[\"https:\/\/www.facebook.com\/profile.php?id=100076694075208\",\"https:\/\/www.instagram.com\/essentiel_officiel\/\"]}]}<\/script>\n<!-- \/ Yoast SEO plugin. -->","yoast_head_json":{"title":"Gommage R\u00e9parateur - Essentiel \/ THE MUST HAVE","robots":{"index":"index","follow":"follow","max-snippet":"max-snippet:-1","max-image-preview":"max-image-preview:large","max-video-preview":"max-video-preview:-1"},"canonical":"https:\/\/www.essentiel-cosmetique.fr\/index.php\/produit\/gommage-reparateur\/","og_locale":"fr_FR","og_type":"article","og_title":"Gommage R\u00e9parateur - Essentiel \/ THE MUST HAVE","og_description":"\u00c9limine les impuret\u00e9s, galbe et augmente l\u2019\u00e9lasticit\u00e9 de la peau Le gommage r\u00e9parateur ESSENTIEL, \u00e9limine les impuret\u00e9s et les cellules mortes de la surface de l\u2019\u00e9piderme. Elle favorise le renouvellement des cellules de l\u2019\u00e9piderme. Formul\u00e9 \u00e0 base d\u2019acide l\u2019hyaluronique, il galbe et augmente l\u2019\u00e9lasticit\u00e9 de la peau. R\u00e9sultat une peau plus lisse, \u00e9clatante et un grain de peau affin\u00e9. CONSEIL D\u2019UTILISATION :  1. Sous la douche, pr\u00e9levez une grosse noisette du gommage r\u00e9parateur 2. Appliquez sur peau humide et massez doucement pour exfolier 3. Rincer abondamment Renouveler l\u2019op\u00e9ration 2 fois par semaine. R\u00e9sultat :\u00a0votre peau est plus lisse, \u00e9clatante et votre grain de peau affin\u00e9.","og_url":"https:\/\/www.essentiel-cosmetique.fr\/index.php\/produit\/gommage-reparateur\/","og_site_name":"Essentiel \/ THE MUST HAVE","article_publisher":"https:\/\/www.facebook.com\/profile.php?id=100076694075208","article_modified_time":"2026-03-05T09:59:44+00:00","og_image":[{"width":1600,"height":1600,"url":"http:\/\/www.essentiel-cosmetique.fr\/wp-content\/uploads\/2026\/03\/Gommage-reparateur-essentiel-1.jpg","type":"image\/jpeg"}],"twitter_card":"summary_large_image","twitter_misc":{"Dur\u00e9e de lecture estim\u00e9e":"1 minute"},"schema":{"@context":"https:\/\/schema.org","@graph":[{"@type":"WebPage","@id":"https:\/\/www.essentiel-cosmetique.fr\/index.php\/produit\/gommage-reparateur\/","url":"https:\/\/www.essentiel-cosmetique.fr\/index.php\/produit\/gommage-reparateur\/","name":"Gommage R\u00e9parateur - Essentiel \/ THE MUST HAVE","isPartOf":{"@id":"https:\/\/www.essentiel-cosmetique.fr\/#website"},"primaryImageOfPage":{"@id":"https:\/\/www.essentiel-cosmetique.fr\/index.php\/produit\/gommage-reparateur\/#primaryimage"},"image":{"@id":"https:\/\/www.essentiel-cosmetique.fr\/index.php\/produit\/gommage-reparateur\/#primaryimage"},"thumbnailUrl":"https:\/\/www.essentiel-cosmetique.fr\/wp-content\/uploads\/2026\/03\/Gommage-reparateur-essentiel-1.jpg","datePublished":"2026-03-02T17:14:20+00:00","dateModified":"2026-03-05T09:59:44+00:00","breadcrumb":{"@id":"https:\/\/www.essentiel-cosmetique.fr\/index.php\/produit\/gommage-reparateur\/#breadcrumb"},"inLanguage":"fr-FR","potentialAction":[{"@type":"ReadAction","target":["https:\/\/www.essentiel-cosmetique.fr\/index.php\/produit\/gommage-reparateur\/"]}]},{"@type":"ImageObject","inLanguage":"fr-FR","@id":"https:\/\/www.essentiel-cosmetique.fr\/index.php\/produit\/gommage-reparateur\/#primaryimage","url":"https:\/\/www.essentiel-cosmetique.fr\/wp-content\/uploads\/2026\/03\/Gommage-reparateur-essentiel-1.jpg","contentUrl":"https:\/\/www.essentiel-cosmetique.fr\/wp-content\/uploads\/2026\/03\/Gommage-reparateur-essentiel-1.jpg","width":1600,"height":1600},{"@type":"BreadcrumbList","@id":"https:\/\/www.essentiel-cosmetique.fr\/index.php\/produit\/gommage-reparateur\/#breadcrumb","itemListElement":[{"@type":"ListItem","position":1,"name":"Accueil","item":"https:\/\/www.essentiel-cosmetique.fr\/"},{"@type":"ListItem","position":2,"name":"NOS PRODUITS","item":"https:\/\/www.essentiel-cosmetique.fr\/index.php\/boutique\/"},{"@type":"ListItem","position":3,"name":"Gommage R\u00e9parateur"}]},{"@type":"WebSite","@id":"https:\/\/www.essentiel-cosmetique.fr\/#website","url":"https:\/\/www.essentiel-cosmetique.fr\/","name":"Essentiel \/ THE MUST HAVE","description":"L\u2019ESSENTIEL EST ENTRE VOS MAINS","publisher":{"@id":"https:\/\/www.essentiel-cosmetique.fr\/#organization"},"potentialAction":[{"@type":"SearchAction","target":{"@type":"EntryPoint","urlTemplate":"https:\/\/www.essentiel-cosmetique.fr\/?s={search_term_string}"},"query-input":{"@type":"PropertyValueSpecification","valueRequired":true,"valueName":"search_term_string"}}],"inLanguage":"fr-FR"},{"@type":"Organization","@id":"https:\/\/www.essentiel-cosmetique.fr\/#organization","name":"Essentiel \/ THE MUST HAVE","url":"https:\/\/www.essentiel-cosmetique.fr\/","logo":{"@type":"ImageObject","inLanguage":"fr-FR","@id":"https:\/\/www.essentiel-cosmetique.fr\/#\/schema\/logo\/image\/","url":"https:\/\/www.essentiel-cosmetique.fr\/wp-content\/uploads\/2023\/02\/cropped-Logio-Site-essentiel-1.png","contentUrl":"https:\/\/www.essentiel-cosmetique.fr\/wp-content\/uploads\/2023\/02\/cropped-Logio-Site-essentiel-1.png","width":1320,"height":460,"caption":"Essentiel \/ THE MUST HAVE"},"image":{"@id":"https:\/\/www.essentiel-cosmetique.fr\/#\/schema\/logo\/image\/"},"sameAs":["https:\/\/www.facebook.com\/profile.php?id=100076694075208","https:\/\/www.instagram.com\/essentiel_officiel\/"]}]}},"jetpack_sharing_enabled":true,"_links":{"self":[{"href":"https:\/\/www.essentiel-cosmetique.fr\/index.php\/wp-json\/wp\/v2\/product\/6244","targetHints":{"allow":["GET"]}}],"collection":[{"href":"https:\/\/www.essentiel-cosmetique.fr\/index.php\/wp-json\/wp\/v2\/product"}],"about":[{"href":"https:\/\/www.essentiel-cosmetique.fr\/index.php\/wp-json\/wp\/v2\/types\/product"}],"version-history":[{"count":3,"href":"https:\/\/www.essentiel-cosmetique.fr\/index.php\/wp-json\/wp\/v2\/product\/6244\/revisions"}],"predecessor-version":[{"id":6252,"href":"https:\/\/www.essentiel-cosmetique.fr\/index.php\/wp-json\/wp\/v2\/product\/6244\/revisions\/6252"}],"wp:featuredmedia":[{"embeddable":true,"href":"https:\/\/www.essentiel-cosmetique.fr\/index.php\/wp-json\/wp\/v2\/media\/6250"}],"wp:attachment":[{"href":"https:\/\/www.essentiel-cosmetique.fr\/index.php\/wp-json\/wp\/v2\/media?parent=6244"}],"wp:term":[{"taxonomy":"product_brand","embeddable":true,"href":"https:\/\/www.essentiel-cosmetique.fr\/index.php\/wp-json\/wp\/v2\/product_brand?post=6244"},{"taxonomy":"product_cat","embeddable":true,"href":"https:\/\/www.essentiel-cosmetique.fr\/index.php\/wp-json\/wp\/v2\/product_cat?post=6244"},{"taxonomy":"product_tag","embeddable":true,"href":"https:\/\/www.essentiel-cosmetique.fr\/index.php\/wp-json\/wp\/v2\/product_tag?post=6244"}],"curies":[{"name":"wp","href":"https:\/\/api.w.org\/{rel}","templated":true}]}}