{"id":943,"date":"2023-06-24T22:01:03","date_gmt":"2023-06-24T20:01:03","guid":{"rendered":"https:\/\/www.essentiel-cosmetique.fr\/?post_type=product&#038;p=943"},"modified":"2025-12-31T14:59:22","modified_gmt":"2025-12-31T13:59:22","slug":"mousse-coiffante","status":"publish","type":"product","link":"https:\/\/www.essentiel-cosmetique.fr\/index.php\/produit\/mousse-coiffante\/","title":{"rendered":"Mousse coiffante"},"content":{"rendered":"<h5 class=\"p1\"><b>INGREDIENT :<\/b>\u00a0AQUA, POLYURETHANE-14 AND AMP ACRYLATE COPOLYMER, COCAMIDOPROPYL BETAIN,<span class=\"Apple-converted-space\">\u00a0 <\/span>RICINUS COMMUNIS OIL, GLYCERIN, GOSSYPIUM HERBACEUM SEED OIL, BUTYROSPERMUM PARKII BUTTER, MACADAMIA TERNIFOLIA SEED OIL, COCOS NUCIFERA FRUIT EXTRACT, CHAMOMILLA RECUTITA FLOWER EXTRACT, ALOE BARBADENSIS LEAF EXTRACT, CAMELLIA SINENSIS LEAF EXTRACT, CINNAMOMUM ZEYLANICUM BARK EXTRACT, ACORUS CALAMUS ROOT EXTRACT, COMMIPHORA MYRRHA RESIN EXTRACT, OLEA EUROPAEA FRUIT OIL, ARGANIA SPINOSA KERNEL OIL, LECITHIN, PHENOXYETHANOL AND CHLORPHENISIN AND CAPRYLYL GLYCOL, HYDROLYZED KERATIN, ALLIUM SATIVUM HE, FRAGRANCE, COUMARIN, D-LIMONENE<\/h5>\n","protected":false},"excerpt":{"rendered":"<p class=\"p1\"><em><strong>Fixation, Brillance et Anti fourches<\/strong><\/em><\/p>\n<p class=\"p1\">La mousse coiffante Essentiel est la meilleure alli\u00e9e des vos cheveux boucl\u00e9s. Elle sublime et mod\u00e8le vos cheveux tout en \u00e9liminant les frisottis et fourches. Plus rebondies, plus brillantes, plus nourris les boucles sont dompt\u00e9es et prot\u00e9g\u00e9es. Ne cartonne pas. N\u2019alourdit pas.<\/p>\n<p><strong>CONSEIL D\u2019UTILISATION :<br \/>\n<\/strong>Agiter le flacon avant usage. Apr\u00e8s votre shampooing et soin, essorez vos cheveux avec soin. D\u00e9posez un nuage de mousse dans la paume de votre main et r\u00e9partissez uniform\u00e9ment sur votre chevelure. Laissez s\u00e9cher. Ne pas rincer. Travailler les formes des boucles \u00e0 l\u2019aide de vos doigts ou d\u2019une brosse, pour obtenir le style d\u00e9sir\u00e9.<\/p>\n","protected":false},"featured_media":944,"template":"","meta":[],"product_brand":[],"product_cat":[91,18,92,78],"product_tag":[],"class_list":{"0":"post-943","1":"product","2":"type-product","3":"status-publish","4":"has-post-thumbnail","6":"product_cat-definition-boucles","7":"product_cat-gamme_capillaire","8":"product_cat-indispensables","9":"product_cat-tout","11":"first","12":"instock","13":"shipping-taxable","14":"purchasable","15":"product-type-simple"},"yoast_head":"<!-- This site is optimized with the Yoast SEO plugin v26.5 - https:\/\/yoast.com\/wordpress\/plugins\/seo\/ -->\n<title>Mousse coiffante - Essentiel \/ THE MUST HAVE<\/title>\n<meta name=\"description\" content=\"Meilleure alli\u00e9e des vos cheveux boucl\u00e9s. La mousse coiffante Essentiel, sublime et mod\u00e8le vos cheveux tout en \u00e9liminant les frisottis et fourches.\" \/>\n<meta name=\"robots\" content=\"index, follow, max-snippet:-1, max-image-preview:large, max-video-preview:-1\" \/>\n<link rel=\"canonical\" href=\"https:\/\/www.essentiel-cosmetique.fr\/index.php\/produit\/mousse-coiffante\/\" \/>\n<meta property=\"og:locale\" content=\"fr_FR\" \/>\n<meta property=\"og:type\" content=\"article\" \/>\n<meta property=\"og:title\" content=\"Mousse coiffante - Essentiel \/ THE MUST HAVE\" \/>\n<meta property=\"og:description\" content=\"Meilleure alli\u00e9e des vos cheveux boucl\u00e9s. La mousse coiffante Essentiel, sublime et mod\u00e8le vos cheveux tout en \u00e9liminant les frisottis et fourches.\" \/>\n<meta property=\"og:url\" content=\"https:\/\/www.essentiel-cosmetique.fr\/index.php\/produit\/mousse-coiffante\/\" \/>\n<meta property=\"og:site_name\" content=\"Essentiel \/ THE MUST HAVE\" \/>\n<meta property=\"article:publisher\" content=\"https:\/\/www.facebook.com\/profile.php?id=100076694075208\" \/>\n<meta property=\"article:modified_time\" content=\"2025-12-31T13:59:22+00:00\" \/>\n<meta property=\"og:image\" content=\"http:\/\/www.essentiel-cosmetique.fr\/wp-content\/uploads\/2023\/06\/Mousse-coiffante-Essentiel-THE-MUST-HAVE.jpg\" \/>\n\t<meta property=\"og:image:width\" content=\"1000\" \/>\n\t<meta property=\"og:image:height\" content=\"1000\" \/>\n\t<meta property=\"og:image:type\" content=\"image\/jpeg\" \/>\n<meta name=\"twitter:card\" content=\"summary_large_image\" \/>\n<meta name=\"twitter:label1\" content=\"Dur\u00e9e de lecture estim\u00e9e\" \/>\n\t<meta name=\"twitter:data1\" content=\"1 minute\" \/>\n<script type=\"application\/ld+json\" class=\"yoast-schema-graph\">{\"@context\":\"https:\/\/schema.org\",\"@graph\":[{\"@type\":\"WebPage\",\"@id\":\"https:\/\/www.essentiel-cosmetique.fr\/index.php\/produit\/mousse-coiffante\/\",\"url\":\"https:\/\/www.essentiel-cosmetique.fr\/index.php\/produit\/mousse-coiffante\/\",\"name\":\"Mousse coiffante - Essentiel \/ THE MUST HAVE\",\"isPartOf\":{\"@id\":\"https:\/\/www.essentiel-cosmetique.fr\/#website\"},\"primaryImageOfPage\":{\"@id\":\"https:\/\/www.essentiel-cosmetique.fr\/index.php\/produit\/mousse-coiffante\/#primaryimage\"},\"image\":{\"@id\":\"https:\/\/www.essentiel-cosmetique.fr\/index.php\/produit\/mousse-coiffante\/#primaryimage\"},\"thumbnailUrl\":\"https:\/\/www.essentiel-cosmetique.fr\/wp-content\/uploads\/2023\/06\/Mousse-coiffante-Essentiel-THE-MUST-HAVE.jpg\",\"datePublished\":\"2023-06-24T20:01:03+00:00\",\"dateModified\":\"2025-12-31T13:59:22+00:00\",\"description\":\"Meilleure alli\u00e9e des vos cheveux boucl\u00e9s. La mousse coiffante Essentiel, sublime et mod\u00e8le vos cheveux tout en \u00e9liminant les frisottis et fourches.\",\"breadcrumb\":{\"@id\":\"https:\/\/www.essentiel-cosmetique.fr\/index.php\/produit\/mousse-coiffante\/#breadcrumb\"},\"inLanguage\":\"fr-FR\",\"potentialAction\":[{\"@type\":\"ReadAction\",\"target\":[\"https:\/\/www.essentiel-cosmetique.fr\/index.php\/produit\/mousse-coiffante\/\"]}]},{\"@type\":\"ImageObject\",\"inLanguage\":\"fr-FR\",\"@id\":\"https:\/\/www.essentiel-cosmetique.fr\/index.php\/produit\/mousse-coiffante\/#primaryimage\",\"url\":\"https:\/\/www.essentiel-cosmetique.fr\/wp-content\/uploads\/2023\/06\/Mousse-coiffante-Essentiel-THE-MUST-HAVE.jpg\",\"contentUrl\":\"https:\/\/www.essentiel-cosmetique.fr\/wp-content\/uploads\/2023\/06\/Mousse-coiffante-Essentiel-THE-MUST-HAVE.jpg\",\"width\":1000,\"height\":1000},{\"@type\":\"BreadcrumbList\",\"@id\":\"https:\/\/www.essentiel-cosmetique.fr\/index.php\/produit\/mousse-coiffante\/#breadcrumb\",\"itemListElement\":[{\"@type\":\"ListItem\",\"position\":1,\"name\":\"Accueil\",\"item\":\"https:\/\/www.essentiel-cosmetique.fr\/\"},{\"@type\":\"ListItem\",\"position\":2,\"name\":\"NOS PRODUITS\",\"item\":\"https:\/\/www.essentiel-cosmetique.fr\/index.php\/boutique\/\"},{\"@type\":\"ListItem\",\"position\":3,\"name\":\"Mousse coiffante\"}]},{\"@type\":\"WebSite\",\"@id\":\"https:\/\/www.essentiel-cosmetique.fr\/#website\",\"url\":\"https:\/\/www.essentiel-cosmetique.fr\/\",\"name\":\"Essentiel \/ THE MUST HAVE\",\"description\":\"L\u2019ESSENTIEL EST ENTRE VOS MAINS\",\"publisher\":{\"@id\":\"https:\/\/www.essentiel-cosmetique.fr\/#organization\"},\"potentialAction\":[{\"@type\":\"SearchAction\",\"target\":{\"@type\":\"EntryPoint\",\"urlTemplate\":\"https:\/\/www.essentiel-cosmetique.fr\/?s={search_term_string}\"},\"query-input\":{\"@type\":\"PropertyValueSpecification\",\"valueRequired\":true,\"valueName\":\"search_term_string\"}}],\"inLanguage\":\"fr-FR\"},{\"@type\":\"Organization\",\"@id\":\"https:\/\/www.essentiel-cosmetique.fr\/#organization\",\"name\":\"Essentiel \/ THE MUST HAVE\",\"url\":\"https:\/\/www.essentiel-cosmetique.fr\/\",\"logo\":{\"@type\":\"ImageObject\",\"inLanguage\":\"fr-FR\",\"@id\":\"https:\/\/www.essentiel-cosmetique.fr\/#\/schema\/logo\/image\/\",\"url\":\"https:\/\/www.essentiel-cosmetique.fr\/wp-content\/uploads\/2023\/02\/cropped-Logio-Site-essentiel-1.png\",\"contentUrl\":\"https:\/\/www.essentiel-cosmetique.fr\/wp-content\/uploads\/2023\/02\/cropped-Logio-Site-essentiel-1.png\",\"width\":1320,\"height\":460,\"caption\":\"Essentiel \/ THE MUST HAVE\"},\"image\":{\"@id\":\"https:\/\/www.essentiel-cosmetique.fr\/#\/schema\/logo\/image\/\"},\"sameAs\":[\"https:\/\/www.facebook.com\/profile.php?id=100076694075208\",\"https:\/\/www.instagram.com\/essentiel_officiel\/\"]}]}<\/script>\n<!-- \/ Yoast SEO plugin. -->","yoast_head_json":{"title":"Mousse coiffante - Essentiel \/ THE MUST HAVE","description":"Meilleure alli\u00e9e des vos cheveux boucl\u00e9s. La mousse coiffante Essentiel, sublime et mod\u00e8le vos cheveux tout en \u00e9liminant les frisottis et fourches.","robots":{"index":"index","follow":"follow","max-snippet":"max-snippet:-1","max-image-preview":"max-image-preview:large","max-video-preview":"max-video-preview:-1"},"canonical":"https:\/\/www.essentiel-cosmetique.fr\/index.php\/produit\/mousse-coiffante\/","og_locale":"fr_FR","og_type":"article","og_title":"Mousse coiffante - Essentiel \/ THE MUST HAVE","og_description":"Meilleure alli\u00e9e des vos cheveux boucl\u00e9s. La mousse coiffante Essentiel, sublime et mod\u00e8le vos cheveux tout en \u00e9liminant les frisottis et fourches.","og_url":"https:\/\/www.essentiel-cosmetique.fr\/index.php\/produit\/mousse-coiffante\/","og_site_name":"Essentiel \/ THE MUST HAVE","article_publisher":"https:\/\/www.facebook.com\/profile.php?id=100076694075208","article_modified_time":"2025-12-31T13:59:22+00:00","og_image":[{"width":1000,"height":1000,"url":"http:\/\/www.essentiel-cosmetique.fr\/wp-content\/uploads\/2023\/06\/Mousse-coiffante-Essentiel-THE-MUST-HAVE.jpg","type":"image\/jpeg"}],"twitter_card":"summary_large_image","twitter_misc":{"Dur\u00e9e de lecture estim\u00e9e":"1 minute"},"schema":{"@context":"https:\/\/schema.org","@graph":[{"@type":"WebPage","@id":"https:\/\/www.essentiel-cosmetique.fr\/index.php\/produit\/mousse-coiffante\/","url":"https:\/\/www.essentiel-cosmetique.fr\/index.php\/produit\/mousse-coiffante\/","name":"Mousse coiffante - Essentiel \/ THE MUST HAVE","isPartOf":{"@id":"https:\/\/www.essentiel-cosmetique.fr\/#website"},"primaryImageOfPage":{"@id":"https:\/\/www.essentiel-cosmetique.fr\/index.php\/produit\/mousse-coiffante\/#primaryimage"},"image":{"@id":"https:\/\/www.essentiel-cosmetique.fr\/index.php\/produit\/mousse-coiffante\/#primaryimage"},"thumbnailUrl":"https:\/\/www.essentiel-cosmetique.fr\/wp-content\/uploads\/2023\/06\/Mousse-coiffante-Essentiel-THE-MUST-HAVE.jpg","datePublished":"2023-06-24T20:01:03+00:00","dateModified":"2025-12-31T13:59:22+00:00","description":"Meilleure alli\u00e9e des vos cheveux boucl\u00e9s. La mousse coiffante Essentiel, sublime et mod\u00e8le vos cheveux tout en \u00e9liminant les frisottis et fourches.","breadcrumb":{"@id":"https:\/\/www.essentiel-cosmetique.fr\/index.php\/produit\/mousse-coiffante\/#breadcrumb"},"inLanguage":"fr-FR","potentialAction":[{"@type":"ReadAction","target":["https:\/\/www.essentiel-cosmetique.fr\/index.php\/produit\/mousse-coiffante\/"]}]},{"@type":"ImageObject","inLanguage":"fr-FR","@id":"https:\/\/www.essentiel-cosmetique.fr\/index.php\/produit\/mousse-coiffante\/#primaryimage","url":"https:\/\/www.essentiel-cosmetique.fr\/wp-content\/uploads\/2023\/06\/Mousse-coiffante-Essentiel-THE-MUST-HAVE.jpg","contentUrl":"https:\/\/www.essentiel-cosmetique.fr\/wp-content\/uploads\/2023\/06\/Mousse-coiffante-Essentiel-THE-MUST-HAVE.jpg","width":1000,"height":1000},{"@type":"BreadcrumbList","@id":"https:\/\/www.essentiel-cosmetique.fr\/index.php\/produit\/mousse-coiffante\/#breadcrumb","itemListElement":[{"@type":"ListItem","position":1,"name":"Accueil","item":"https:\/\/www.essentiel-cosmetique.fr\/"},{"@type":"ListItem","position":2,"name":"NOS PRODUITS","item":"https:\/\/www.essentiel-cosmetique.fr\/index.php\/boutique\/"},{"@type":"ListItem","position":3,"name":"Mousse coiffante"}]},{"@type":"WebSite","@id":"https:\/\/www.essentiel-cosmetique.fr\/#website","url":"https:\/\/www.essentiel-cosmetique.fr\/","name":"Essentiel \/ THE MUST HAVE","description":"L\u2019ESSENTIEL EST ENTRE VOS MAINS","publisher":{"@id":"https:\/\/www.essentiel-cosmetique.fr\/#organization"},"potentialAction":[{"@type":"SearchAction","target":{"@type":"EntryPoint","urlTemplate":"https:\/\/www.essentiel-cosmetique.fr\/?s={search_term_string}"},"query-input":{"@type":"PropertyValueSpecification","valueRequired":true,"valueName":"search_term_string"}}],"inLanguage":"fr-FR"},{"@type":"Organization","@id":"https:\/\/www.essentiel-cosmetique.fr\/#organization","name":"Essentiel \/ THE MUST HAVE","url":"https:\/\/www.essentiel-cosmetique.fr\/","logo":{"@type":"ImageObject","inLanguage":"fr-FR","@id":"https:\/\/www.essentiel-cosmetique.fr\/#\/schema\/logo\/image\/","url":"https:\/\/www.essentiel-cosmetique.fr\/wp-content\/uploads\/2023\/02\/cropped-Logio-Site-essentiel-1.png","contentUrl":"https:\/\/www.essentiel-cosmetique.fr\/wp-content\/uploads\/2023\/02\/cropped-Logio-Site-essentiel-1.png","width":1320,"height":460,"caption":"Essentiel \/ THE MUST HAVE"},"image":{"@id":"https:\/\/www.essentiel-cosmetique.fr\/#\/schema\/logo\/image\/"},"sameAs":["https:\/\/www.facebook.com\/profile.php?id=100076694075208","https:\/\/www.instagram.com\/essentiel_officiel\/"]}]}},"jetpack_sharing_enabled":true,"_links":{"self":[{"href":"https:\/\/www.essentiel-cosmetique.fr\/index.php\/wp-json\/wp\/v2\/product\/943","targetHints":{"allow":["GET"]}}],"collection":[{"href":"https:\/\/www.essentiel-cosmetique.fr\/index.php\/wp-json\/wp\/v2\/product"}],"about":[{"href":"https:\/\/www.essentiel-cosmetique.fr\/index.php\/wp-json\/wp\/v2\/types\/product"}],"version-history":[{"count":1,"href":"https:\/\/www.essentiel-cosmetique.fr\/index.php\/wp-json\/wp\/v2\/product\/943\/revisions"}],"predecessor-version":[{"id":1261,"href":"https:\/\/www.essentiel-cosmetique.fr\/index.php\/wp-json\/wp\/v2\/product\/943\/revisions\/1261"}],"wp:featuredmedia":[{"embeddable":true,"href":"https:\/\/www.essentiel-cosmetique.fr\/index.php\/wp-json\/wp\/v2\/media\/944"}],"wp:attachment":[{"href":"https:\/\/www.essentiel-cosmetique.fr\/index.php\/wp-json\/wp\/v2\/media?parent=943"}],"wp:term":[{"taxonomy":"product_brand","embeddable":true,"href":"https:\/\/www.essentiel-cosmetique.fr\/index.php\/wp-json\/wp\/v2\/product_brand?post=943"},{"taxonomy":"product_cat","embeddable":true,"href":"https:\/\/www.essentiel-cosmetique.fr\/index.php\/wp-json\/wp\/v2\/product_cat?post=943"},{"taxonomy":"product_tag","embeddable":true,"href":"https:\/\/www.essentiel-cosmetique.fr\/index.php\/wp-json\/wp\/v2\/product_tag?post=943"}],"curies":[{"name":"wp","href":"https:\/\/api.w.org\/{rel}","templated":true}]}}