{"id":945,"date":"2023-06-24T22:12:52","date_gmt":"2023-06-24T20:12:52","guid":{"rendered":"https:\/\/www.essentiel-cosmetique.fr\/?post_type=product&#038;p=945"},"modified":"2025-12-30T13:09:22","modified_gmt":"2025-12-30T12:09:22","slug":"brume-parfumee-cheveux-corps","status":"publish","type":"product","link":"https:\/\/www.essentiel-cosmetique.fr\/index.php\/produit\/brume-parfumee-cheveux-corps\/","title":{"rendered":"Brume parfum\u00e9e (Cheveux &#038; Corps)"},"content":{"rendered":"<h5 class=\"p1\"><b>INGREDIENT : <\/b>AQUA, GLYCERIN, POLYSORBATE-80, FRAGRANCE,<span class=\"Apple-converted-space\">\u00a0 <\/span>ALOE BARBADENSIS LEAF EXTRACT (AND) CAMELLIA SINENSIS LEAF EXTRACT (AND) CINNAMOMUM ZEYLANICUM BARK EXTRACT (AND) ACORUS CALAMUS ROOT EXTRACT(AND) COMMIPHORA MYRRHA RESIN EXTRACT (AND) OLEA EUROPAEA (OLIVE) FRUIT OIL (AND) AQUA (AND) ARGANIA SPINOSA KERNEL OIL (AND) POLYGLYCERYL-3 DIISOSTEARATE (AND) GLYCERIN (AND) GLYCERYL STEARATE, COUMARIN, D-LIMONENE.<\/h5>\n","protected":false},"excerpt":{"rendered":"<p class=\"p1\"><em><strong>Parfume vos cheveux et votre corps, toute la journ\u00e9e<\/strong><\/em><\/p>\n<p class=\"p1\">Id\u00e9ale pour le corps et les cheveux, vaporisez la Brume parfum\u00e9e <b><i>NUAGE ESTIVAL <\/i><\/b>directement sur peau et toute la chevelure et profitez de ce doux parfum <b><i>toute la journ\u00e9e<\/i><\/b>.<\/p>\n<p><strong>CONSEIL D\u2019UTILISATION :<br \/>\n<\/strong>Pulv\u00e9riser sur vos cheveux et sur votre corps<\/p>\n","protected":false},"featured_media":946,"template":"","meta":[],"product_brand":[],"product_cat":[18,17,78],"product_tag":[],"class_list":{"0":"post-945","1":"product","2":"type-product","3":"status-publish","4":"has-post-thumbnail","6":"product_cat-gamme_capillaire","7":"product_cat-gamme_corps","8":"product_cat-tout","10":"first","11":"instock","12":"shipping-taxable","13":"purchasable","14":"product-type-simple"},"yoast_head":"<!-- This site is optimized with the Yoast SEO plugin v26.5 - https:\/\/yoast.com\/wordpress\/plugins\/seo\/ -->\n<title>Brume parfum\u00e9e (Cheveux &amp; Corps) - Essentiel \/ THE MUST HAVE<\/title>\n<meta name=\"description\" content=\"Id\u00e9ale pour le corps et les cheveux, vaporisez la Brume parfum\u00e9e NUAGE ESTIVAL directement sur peau et toute la chevelure et profitez de ce doux parfum toute la journ\u00e9e.\" \/>\n<meta name=\"robots\" content=\"index, follow, max-snippet:-1, max-image-preview:large, max-video-preview:-1\" \/>\n<link rel=\"canonical\" href=\"https:\/\/www.essentiel-cosmetique.fr\/index.php\/produit\/brume-parfumee-cheveux-corps\/\" \/>\n<meta property=\"og:locale\" content=\"fr_FR\" \/>\n<meta property=\"og:type\" content=\"article\" \/>\n<meta property=\"og:title\" content=\"Brume parfum\u00e9e (Cheveux &amp; Corps) - Essentiel \/ THE MUST HAVE\" \/>\n<meta property=\"og:description\" content=\"Id\u00e9ale pour le corps et les cheveux, vaporisez la Brume parfum\u00e9e NUAGE ESTIVAL directement sur peau et toute la chevelure et profitez de ce doux parfum toute la journ\u00e9e.\" \/>\n<meta property=\"og:url\" content=\"https:\/\/www.essentiel-cosmetique.fr\/index.php\/produit\/brume-parfumee-cheveux-corps\/\" \/>\n<meta property=\"og:site_name\" content=\"Essentiel \/ THE MUST HAVE\" \/>\n<meta property=\"article:publisher\" content=\"https:\/\/www.facebook.com\/profile.php?id=100076694075208\" \/>\n<meta property=\"article:modified_time\" content=\"2025-12-30T12:09:22+00:00\" \/>\n<meta property=\"og:image\" content=\"http:\/\/www.essentiel-cosmetique.fr\/wp-content\/uploads\/2023\/06\/Brume-Essentiel-THE-MUST-HAVE.jpg\" \/>\n\t<meta property=\"og:image:width\" content=\"1000\" \/>\n\t<meta property=\"og:image:height\" content=\"1000\" \/>\n\t<meta property=\"og:image:type\" content=\"image\/jpeg\" \/>\n<meta name=\"twitter:card\" content=\"summary_large_image\" \/>\n<meta name=\"twitter:label1\" content=\"Dur\u00e9e de lecture estim\u00e9e\" \/>\n\t<meta name=\"twitter:data1\" content=\"1 minute\" \/>\n<script type=\"application\/ld+json\" class=\"yoast-schema-graph\">{\"@context\":\"https:\/\/schema.org\",\"@graph\":[{\"@type\":\"WebPage\",\"@id\":\"https:\/\/www.essentiel-cosmetique.fr\/index.php\/produit\/brume-parfumee-cheveux-corps\/\",\"url\":\"https:\/\/www.essentiel-cosmetique.fr\/index.php\/produit\/brume-parfumee-cheveux-corps\/\",\"name\":\"Brume parfum\u00e9e (Cheveux & Corps) - Essentiel \/ THE MUST HAVE\",\"isPartOf\":{\"@id\":\"https:\/\/www.essentiel-cosmetique.fr\/#website\"},\"primaryImageOfPage\":{\"@id\":\"https:\/\/www.essentiel-cosmetique.fr\/index.php\/produit\/brume-parfumee-cheveux-corps\/#primaryimage\"},\"image\":{\"@id\":\"https:\/\/www.essentiel-cosmetique.fr\/index.php\/produit\/brume-parfumee-cheveux-corps\/#primaryimage\"},\"thumbnailUrl\":\"https:\/\/www.essentiel-cosmetique.fr\/wp-content\/uploads\/2023\/06\/Brume-Essentiel-THE-MUST-HAVE.jpg\",\"datePublished\":\"2023-06-24T20:12:52+00:00\",\"dateModified\":\"2025-12-30T12:09:22+00:00\",\"description\":\"Id\u00e9ale pour le corps et les cheveux, vaporisez la Brume parfum\u00e9e NUAGE ESTIVAL directement sur peau et toute la chevelure et profitez de ce doux parfum toute la journ\u00e9e.\",\"breadcrumb\":{\"@id\":\"https:\/\/www.essentiel-cosmetique.fr\/index.php\/produit\/brume-parfumee-cheveux-corps\/#breadcrumb\"},\"inLanguage\":\"fr-FR\",\"potentialAction\":[{\"@type\":\"ReadAction\",\"target\":[\"https:\/\/www.essentiel-cosmetique.fr\/index.php\/produit\/brume-parfumee-cheveux-corps\/\"]}]},{\"@type\":\"ImageObject\",\"inLanguage\":\"fr-FR\",\"@id\":\"https:\/\/www.essentiel-cosmetique.fr\/index.php\/produit\/brume-parfumee-cheveux-corps\/#primaryimage\",\"url\":\"https:\/\/www.essentiel-cosmetique.fr\/wp-content\/uploads\/2023\/06\/Brume-Essentiel-THE-MUST-HAVE.jpg\",\"contentUrl\":\"https:\/\/www.essentiel-cosmetique.fr\/wp-content\/uploads\/2023\/06\/Brume-Essentiel-THE-MUST-HAVE.jpg\",\"width\":1000,\"height\":1000},{\"@type\":\"BreadcrumbList\",\"@id\":\"https:\/\/www.essentiel-cosmetique.fr\/index.php\/produit\/brume-parfumee-cheveux-corps\/#breadcrumb\",\"itemListElement\":[{\"@type\":\"ListItem\",\"position\":1,\"name\":\"Accueil\",\"item\":\"https:\/\/www.essentiel-cosmetique.fr\/\"},{\"@type\":\"ListItem\",\"position\":2,\"name\":\"NOS PRODUITS\",\"item\":\"https:\/\/www.essentiel-cosmetique.fr\/index.php\/boutique\/\"},{\"@type\":\"ListItem\",\"position\":3,\"name\":\"Brume parfum\u00e9e (Cheveux &#038; Corps)\"}]},{\"@type\":\"WebSite\",\"@id\":\"https:\/\/www.essentiel-cosmetique.fr\/#website\",\"url\":\"https:\/\/www.essentiel-cosmetique.fr\/\",\"name\":\"Essentiel \/ THE MUST HAVE\",\"description\":\"L\u2019ESSENTIEL EST ENTRE VOS MAINS\",\"publisher\":{\"@id\":\"https:\/\/www.essentiel-cosmetique.fr\/#organization\"},\"potentialAction\":[{\"@type\":\"SearchAction\",\"target\":{\"@type\":\"EntryPoint\",\"urlTemplate\":\"https:\/\/www.essentiel-cosmetique.fr\/?s={search_term_string}\"},\"query-input\":{\"@type\":\"PropertyValueSpecification\",\"valueRequired\":true,\"valueName\":\"search_term_string\"}}],\"inLanguage\":\"fr-FR\"},{\"@type\":\"Organization\",\"@id\":\"https:\/\/www.essentiel-cosmetique.fr\/#organization\",\"name\":\"Essentiel \/ THE MUST HAVE\",\"url\":\"https:\/\/www.essentiel-cosmetique.fr\/\",\"logo\":{\"@type\":\"ImageObject\",\"inLanguage\":\"fr-FR\",\"@id\":\"https:\/\/www.essentiel-cosmetique.fr\/#\/schema\/logo\/image\/\",\"url\":\"https:\/\/www.essentiel-cosmetique.fr\/wp-content\/uploads\/2023\/02\/cropped-Logio-Site-essentiel-1.png\",\"contentUrl\":\"https:\/\/www.essentiel-cosmetique.fr\/wp-content\/uploads\/2023\/02\/cropped-Logio-Site-essentiel-1.png\",\"width\":1320,\"height\":460,\"caption\":\"Essentiel \/ THE MUST HAVE\"},\"image\":{\"@id\":\"https:\/\/www.essentiel-cosmetique.fr\/#\/schema\/logo\/image\/\"},\"sameAs\":[\"https:\/\/www.facebook.com\/profile.php?id=100076694075208\",\"https:\/\/www.instagram.com\/essentiel_officiel\/\"]}]}<\/script>\n<!-- \/ Yoast SEO plugin. -->","yoast_head_json":{"title":"Brume parfum\u00e9e (Cheveux & Corps) - Essentiel \/ THE MUST HAVE","description":"Id\u00e9ale pour le corps et les cheveux, vaporisez la Brume parfum\u00e9e NUAGE ESTIVAL directement sur peau et toute la chevelure et profitez de ce doux parfum toute la journ\u00e9e.","robots":{"index":"index","follow":"follow","max-snippet":"max-snippet:-1","max-image-preview":"max-image-preview:large","max-video-preview":"max-video-preview:-1"},"canonical":"https:\/\/www.essentiel-cosmetique.fr\/index.php\/produit\/brume-parfumee-cheveux-corps\/","og_locale":"fr_FR","og_type":"article","og_title":"Brume parfum\u00e9e (Cheveux & Corps) - Essentiel \/ THE MUST HAVE","og_description":"Id\u00e9ale pour le corps et les cheveux, vaporisez la Brume parfum\u00e9e NUAGE ESTIVAL directement sur peau et toute la chevelure et profitez de ce doux parfum toute la journ\u00e9e.","og_url":"https:\/\/www.essentiel-cosmetique.fr\/index.php\/produit\/brume-parfumee-cheveux-corps\/","og_site_name":"Essentiel \/ THE MUST HAVE","article_publisher":"https:\/\/www.facebook.com\/profile.php?id=100076694075208","article_modified_time":"2025-12-30T12:09:22+00:00","og_image":[{"width":1000,"height":1000,"url":"http:\/\/www.essentiel-cosmetique.fr\/wp-content\/uploads\/2023\/06\/Brume-Essentiel-THE-MUST-HAVE.jpg","type":"image\/jpeg"}],"twitter_card":"summary_large_image","twitter_misc":{"Dur\u00e9e de lecture estim\u00e9e":"1 minute"},"schema":{"@context":"https:\/\/schema.org","@graph":[{"@type":"WebPage","@id":"https:\/\/www.essentiel-cosmetique.fr\/index.php\/produit\/brume-parfumee-cheveux-corps\/","url":"https:\/\/www.essentiel-cosmetique.fr\/index.php\/produit\/brume-parfumee-cheveux-corps\/","name":"Brume parfum\u00e9e (Cheveux & Corps) - Essentiel \/ THE MUST HAVE","isPartOf":{"@id":"https:\/\/www.essentiel-cosmetique.fr\/#website"},"primaryImageOfPage":{"@id":"https:\/\/www.essentiel-cosmetique.fr\/index.php\/produit\/brume-parfumee-cheveux-corps\/#primaryimage"},"image":{"@id":"https:\/\/www.essentiel-cosmetique.fr\/index.php\/produit\/brume-parfumee-cheveux-corps\/#primaryimage"},"thumbnailUrl":"https:\/\/www.essentiel-cosmetique.fr\/wp-content\/uploads\/2023\/06\/Brume-Essentiel-THE-MUST-HAVE.jpg","datePublished":"2023-06-24T20:12:52+00:00","dateModified":"2025-12-30T12:09:22+00:00","description":"Id\u00e9ale pour le corps et les cheveux, vaporisez la Brume parfum\u00e9e NUAGE ESTIVAL directement sur peau et toute la chevelure et profitez de ce doux parfum toute la journ\u00e9e.","breadcrumb":{"@id":"https:\/\/www.essentiel-cosmetique.fr\/index.php\/produit\/brume-parfumee-cheveux-corps\/#breadcrumb"},"inLanguage":"fr-FR","potentialAction":[{"@type":"ReadAction","target":["https:\/\/www.essentiel-cosmetique.fr\/index.php\/produit\/brume-parfumee-cheveux-corps\/"]}]},{"@type":"ImageObject","inLanguage":"fr-FR","@id":"https:\/\/www.essentiel-cosmetique.fr\/index.php\/produit\/brume-parfumee-cheveux-corps\/#primaryimage","url":"https:\/\/www.essentiel-cosmetique.fr\/wp-content\/uploads\/2023\/06\/Brume-Essentiel-THE-MUST-HAVE.jpg","contentUrl":"https:\/\/www.essentiel-cosmetique.fr\/wp-content\/uploads\/2023\/06\/Brume-Essentiel-THE-MUST-HAVE.jpg","width":1000,"height":1000},{"@type":"BreadcrumbList","@id":"https:\/\/www.essentiel-cosmetique.fr\/index.php\/produit\/brume-parfumee-cheveux-corps\/#breadcrumb","itemListElement":[{"@type":"ListItem","position":1,"name":"Accueil","item":"https:\/\/www.essentiel-cosmetique.fr\/"},{"@type":"ListItem","position":2,"name":"NOS PRODUITS","item":"https:\/\/www.essentiel-cosmetique.fr\/index.php\/boutique\/"},{"@type":"ListItem","position":3,"name":"Brume parfum\u00e9e (Cheveux &#038; Corps)"}]},{"@type":"WebSite","@id":"https:\/\/www.essentiel-cosmetique.fr\/#website","url":"https:\/\/www.essentiel-cosmetique.fr\/","name":"Essentiel \/ THE MUST HAVE","description":"L\u2019ESSENTIEL EST ENTRE VOS MAINS","publisher":{"@id":"https:\/\/www.essentiel-cosmetique.fr\/#organization"},"potentialAction":[{"@type":"SearchAction","target":{"@type":"EntryPoint","urlTemplate":"https:\/\/www.essentiel-cosmetique.fr\/?s={search_term_string}"},"query-input":{"@type":"PropertyValueSpecification","valueRequired":true,"valueName":"search_term_string"}}],"inLanguage":"fr-FR"},{"@type":"Organization","@id":"https:\/\/www.essentiel-cosmetique.fr\/#organization","name":"Essentiel \/ THE MUST HAVE","url":"https:\/\/www.essentiel-cosmetique.fr\/","logo":{"@type":"ImageObject","inLanguage":"fr-FR","@id":"https:\/\/www.essentiel-cosmetique.fr\/#\/schema\/logo\/image\/","url":"https:\/\/www.essentiel-cosmetique.fr\/wp-content\/uploads\/2023\/02\/cropped-Logio-Site-essentiel-1.png","contentUrl":"https:\/\/www.essentiel-cosmetique.fr\/wp-content\/uploads\/2023\/02\/cropped-Logio-Site-essentiel-1.png","width":1320,"height":460,"caption":"Essentiel \/ THE MUST HAVE"},"image":{"@id":"https:\/\/www.essentiel-cosmetique.fr\/#\/schema\/logo\/image\/"},"sameAs":["https:\/\/www.facebook.com\/profile.php?id=100076694075208","https:\/\/www.instagram.com\/essentiel_officiel\/"]}]}},"jetpack_sharing_enabled":true,"_links":{"self":[{"href":"https:\/\/www.essentiel-cosmetique.fr\/index.php\/wp-json\/wp\/v2\/product\/945","targetHints":{"allow":["GET"]}}],"collection":[{"href":"https:\/\/www.essentiel-cosmetique.fr\/index.php\/wp-json\/wp\/v2\/product"}],"about":[{"href":"https:\/\/www.essentiel-cosmetique.fr\/index.php\/wp-json\/wp\/v2\/types\/product"}],"version-history":[{"count":1,"href":"https:\/\/www.essentiel-cosmetique.fr\/index.php\/wp-json\/wp\/v2\/product\/945\/revisions"}],"predecessor-version":[{"id":1260,"href":"https:\/\/www.essentiel-cosmetique.fr\/index.php\/wp-json\/wp\/v2\/product\/945\/revisions\/1260"}],"wp:featuredmedia":[{"embeddable":true,"href":"https:\/\/www.essentiel-cosmetique.fr\/index.php\/wp-json\/wp\/v2\/media\/946"}],"wp:attachment":[{"href":"https:\/\/www.essentiel-cosmetique.fr\/index.php\/wp-json\/wp\/v2\/media?parent=945"}],"wp:term":[{"taxonomy":"product_brand","embeddable":true,"href":"https:\/\/www.essentiel-cosmetique.fr\/index.php\/wp-json\/wp\/v2\/product_brand?post=945"},{"taxonomy":"product_cat","embeddable":true,"href":"https:\/\/www.essentiel-cosmetique.fr\/index.php\/wp-json\/wp\/v2\/product_cat?post=945"},{"taxonomy":"product_tag","embeddable":true,"href":"https:\/\/www.essentiel-cosmetique.fr\/index.php\/wp-json\/wp\/v2\/product_tag?post=945"}],"curies":[{"name":"wp","href":"https:\/\/api.w.org\/{rel}","templated":true}]}}